{"id":82,"date":"2014-01-08T15:38:23","date_gmt":"2014-01-08T14:38:23","guid":{"rendered":"http:\/\/silda.com\/?page_id=82"},"modified":"2024-11-04T18:48:15","modified_gmt":"2024-11-04T17:48:15","slug":"hamne-utbygning","status":"publish","type":"page","link":"https:\/\/www.silda.com\/?page_id=82","title":{"rendered":"Hamneutbygning"},"content":{"rendered":"\n<figure class=\"wp-block-gallery has-nested-images columns-default is-cropped wp-block-gallery-1 is-layout-flex wp-block-gallery-is-layout-flex\">\n<figure class=\"wp-block-image size-large\"><a href=\"https:\/\/www.silda.com\/wp-content\/uploads\/2024\/10\/Hamnevesenet-Ventehamn-1.jpg\"><img decoding=\"async\" data-id=\"2858\" src=\"https:\/\/www.silda.com\/wp-content\/uploads\/2024\/10\/Hamnevesenet-Ventehamn-1-1024x339.jpg\" alt=\"\" class=\"wp-image-2858\"\/><\/a><\/figure>\n<\/figure>\n\n\n\n<h2 class=\"wp-block-heading\">Vern mot storhavet  150 \u00e5r med fiskerihavner<\/h2>\n\n\n\n<p><strong>Kystverkmusea<\/strong> lanserte 29. oktober 2024 historia om norske hamnar; bygde av Statens Hamnevesen <a href=\"https:\/\/kystverkmusea.no\/havn\">https:\/\/kystverkmusea.no\/havn<\/a><\/p>\n\n\n\n<p>Frode Pilskog fr\u00e5 etatmuseet for det Norske Kystverket var p\u00e5 Silda sommaren 2023 og 24. I denne digitale dokumentasjonen, som vi fekk tilsendt fr\u00e5 Pilskog, kan du lese om alle hamnene i Noreg: men ogs\u00e5 direkte til Silda hamn<br><a href=\"https:\/\/storymaps.arcgis.com\/stories\/899776019ecc4c64ae4de46d7c0fe5b2\">https:\/\/storymaps.arcgis.com\/stories\/899776019ecc4c64ae4de46d7c0fe5b2<\/a><\/p>\n\n\n\n<p><\/p>\n","protected":false},"excerpt":{"rendered":"<p>Vern mot storhavet 150 \u00e5r med fiskerihavner Kystverkmusea lanserte 29. oktober 2024 historia om norske hamnar; bygde av Statens Hamnevesen https:\/\/kystverkmusea.no\/havn Frode Pilskog fr\u00e5 etatmuseet for det Norske Kystverket var p\u00e5 Silda sommaren 2023 og 24. I denne digitale dokumentasjonen, som vi fekk tilsendt fr\u00e5 Pilskog, kan du lese om alle hamnene i Noreg: men [&hellip;]<\/p>\n","protected":false},"author":1,"featured_media":0,"parent":0,"menu_order":0,"comment_status":"closed","ping_status":"closed","template":"","meta":{"ngg_post_thumbnail":0,"footnotes":""},"class_list":["post-82","page","type-page","status-publish","hentry"],"_links":{"self":[{"href":"https:\/\/www.silda.com\/index.php?rest_route=\/wp\/v2\/pages\/82","targetHints":{"allow":["GET"]}}],"collection":[{"href":"https:\/\/www.silda.com\/index.php?rest_route=\/wp\/v2\/pages"}],"about":[{"href":"https:\/\/www.silda.com\/index.php?rest_route=\/wp\/v2\/types\/page"}],"author":[{"embeddable":true,"href":"https:\/\/www.silda.com\/index.php?rest_route=\/wp\/v2\/users\/1"}],"replies":[{"embeddable":true,"href":"https:\/\/www.silda.com\/index.php?rest_route=%2Fwp%2Fv2%2Fcomments&post=82"}],"version-history":[{"count":7,"href":"https:\/\/www.silda.com\/index.php?rest_route=\/wp\/v2\/pages\/82\/revisions"}],"predecessor-version":[{"id":2890,"href":"https:\/\/www.silda.com\/index.php?rest_route=\/wp\/v2\/pages\/82\/revisions\/2890"}],"wp:attachment":[{"href":"https:\/\/www.silda.com\/index.php?rest_route=%2Fwp%2Fv2%2Fmedia&parent=82"}],"curies":[{"name":"wp","href":"https:\/\/api.w.org\/{rel}","templated":true}]}}