{"id":58,"date":"2014-01-08T15:26:29","date_gmt":"2014-01-08T14:26:29","guid":{"rendered":"http:\/\/silda.com\/?page_id=58"},"modified":"2025-10-19T14:59:22","modified_gmt":"2025-10-19T12:59:22","slug":"verdskrigen-pa-silda","status":"publish","type":"page","link":"https:\/\/www.silda.com\/?page_id=58","title":{"rendered":"Verdskrigen p\u00e5 Silda"},"content":{"rendered":"<p>Folk p\u00e5&nbsp; Silda,&nbsp; med postopnar Mons Silden i spissen, kom tidleg med i smugling av v\u00e5pen til heimestyrkane. I V\u00e5gs\u00f8y var det st\u00f8rste v\u00e5penlageret plassert p\u00e5 Silda. Ein god del v\u00e5pen vart tekne p\u00e5 land p\u00e5 Monsabuda (nord for hovudkaia). Seinare vart v\u00e5pena frakta til &laquo;Tyskarhola&raquo; i Furevika.<\/p>\n<p>Dette var v\u00e5pen som vart smugla vidare innover fjorden og delvis over til heimestyrkar p\u00e5 Austlandet. Ruta vart avsl\u00f8rt i 1942 etter opprulling fr\u00e5 T\u00e6lav\u00e5g i Hordaland.<\/p>\n<p><span style=\"color: #0000ff;\"><a style=\"color: #0000ff;\" title=\"Mons M. Silden\" href=\"https:\/\/www.silda.com\/wp-content\/uploads\/2014\/03\/Mons-silden.pdf\">Mons M Silden <\/a><\/span>(son til postopnaren) vart arrestert, saman med Ragnar Solheim og&nbsp;kj\u00f8pmann <a title=\"Sverre Skibenes\" href=\"http:\/\/www.nrk.no\/sf\/leksikon\/index.php\/Sverre_Skibenes\">Sverre Skibenes<\/a> i M\u00e5l\u00f8y,&nbsp; og send til konsentrasjonleir i Tyskland.<\/p>\n<p>Mons Silden (far til Mons M) kom fr\u00e5 Bergen d\u00e5 tyskarane slo til mot Silda, og kom unna. Iver S\u00e6tren og Isak Vik klarde \u00e5 stikke seg vekk og forlate Silda.<span style=\"color: #0000ff;\"> <a style=\"color: #0000ff;\" href=\"https:\/\/www.silda.com\/wp-content\/uploads\/2014\/03\/Krig-p\u00e5-Silda.pdf\">Krigen p\u00e5 Silda vart spesiell for desse tre.<\/a><\/span>&nbsp; Utan \u00e5 vite om kvarandre var Mons og Ivar p\u00e5 Silda fram til freden kom i 1945, og g\u00f8ymde seg n\u00e5r tyskarane som hadde sine misstankar og kom p\u00e5 raid ofte kvar veke.<\/p>\n<p>Avisartikkel fr\u00e5 Sunnm\u00f8rsposteni 1970 d\u00e5 ein journalist var p\u00e5 \u00f8ya og intervjua Iver S\u00e6tren og Mons Silden. <span style=\"color: #0000ff;\"><a style=\"color: #0000ff;\" href=\"https:\/\/www.silda.com\/wp-content\/uploads\/2014\/03\/Mons-silden.pdf\">Mons silden<\/a><\/span>. Sunnm\u00f8rsposten laga i 1971&nbsp; eit intervju med Mons og Hj\u00f8rdis Silden, for \u00e5 finne ut korleis dei heime opplevde krigen, og kva minne Mons M hadde etter \u00e5ra i fangenskap.<br \/>\n&nbsp; &nbsp; &nbsp; &nbsp; &nbsp; &nbsp; &nbsp; &nbsp; &nbsp; &nbsp; &nbsp; &nbsp; &nbsp; &nbsp;&#8212;&#8212;&#8212;&#8212;&#8212;&#8212;&#8212;&#8212;&#8212;&#8212;&#8212;&#8212;&#8212;&#8212;&#8212;&#8212;&#8212;&#8212;&#8212;&#8212;&#8212;&#8212;&#8211;<\/p>\n<p style=\"text-align: left;\" align=\"CENTER\"><span style=\"font-size: medium;\">&nbsp; &nbsp; &nbsp; &nbsp; &nbsp; &nbsp; &nbsp; &nbsp; &nbsp; &nbsp; &nbsp; &nbsp; &nbsp; Skrevet av<\/span><span style=\"color: #000000;\"><span style=\"font-family: Aptos, Aptos EmbeddedFont, Aptos MSFontService, Calibri, Helvetica, sans-serif;\"><span style=\"font-size: medium;\"> Ingunn Tvedt F\u00e6raas, som s\u00e6roppg\u00e5ve ved <\/span><\/span><\/span><span style=\"color: #000000;\"><span style=\"font-family: Aptos, Aptos EmbeddedFont, Aptos MSFontService, Calibri, Helvetica, sans-serif;\">Skeisvang gymnas i Haugesund, 1970 \u2013 73.<br \/>\n<\/span><\/span><\/p>\n<p align=\"CENTER\"><span style=\"font-size: large;\"><b>\u00d8ysamfunnet Silda under krig- Mons sitt dramatiske live<\/b><\/span><\/p>\n<p><span style=\"font-size: medium;\">I begynnelsen av krigen ble noen ungdommer enige om \u00e5 stjele en b\u00e5t for \u00e5 reise til England. I samr\u00e5d med stedets l\u00e6rer, morfaren min, ble kursen stukket ut. De diskuterte litt frem og tilbake om hvilken b\u00e5t de skulle bruke og kom frem til at Ivar S\u00e6tren`s b\u00e5t \u201dStadt\u201d var den utpekte. Han var den som hadde best anledning til \u00e5 unnv\u00e6re b\u00e5ten sin. De kom seg vel over.&nbsp; &nbsp; <\/span><span style=\"font-size: medium;\">\u00d8ybeboerne var ivrige etter \u00e5 arbeide for fedrelandets frihet. <\/span><span style=\"font-size: medium;\"> Mons Silden &#8211; lederen for det illegale arbeidet &#8211; forteller:<\/span><\/p>\n<p>\u201d <span style=\"font-size: medium;\"><i>Det f\u00f8rste som skjedde var at vi transporterte og gjemte offiserer og agenter som var p\u00e5 vei til eller fra England. Guttene mine var blant annet en tur til Bryggja og hentet syv offiserer og f\u00f8rte dem til Bremanger. Deretter dukket agentene opp ute hos oss.<br \/>\n<\/i><\/span><span style=\"font-size: medium;\"><i>Den f\u00f8rste var en norsk kaptein som mente det ville v\u00e6re ideelt \u00e5 ta i mot ammunisjon og v\u00e5pen her p\u00e5 Silda. Dette var vinteren 1942, og om v\u00e5ren kom ammunisjonen.&nbsp;<\/i><\/span><span style=\"font-size: medium;\"><i>Det var avtalt at b\u00e5tene fra England skulle komme inn til Sildagapet, og s\u00e5 skulle vi m\u00f8te den en plass der ute. Vi var ute flere netter, men s\u00e5 ingenting til b\u00e5ten. Vi fikk senere h\u00f8re at den hadde v\u00e6rt p\u00e5 vei inn, men hadde sett lyset fra lysb\u00f8yen \u201dGamla\u201d og trodde den var en tysk b\u00e5t p\u00e5 vei ut.&nbsp; &nbsp;B\u00e5ten kom igjen senere, men tok da feil av veien og havnet inne i Vetvika.&nbsp;<br \/>\n&nbsp; &nbsp; &nbsp; &nbsp; &nbsp; &nbsp;(vil du lese heile fortellinga finn du den som<a href=\"_wp_link_placeholder\" data-wplink-edit=\"true\"> PDF:&nbsp; &nbsp;<strong>En virkelightesskildring av et lite \u00f8ysamfunn <\/strong><\/a>)<\/i><\/span><\/p>\n<p>&nbsp;<\/p>\n","protected":false},"excerpt":{"rendered":"<p>Folk p\u00e5&nbsp; Silda,&nbsp; med postopnar Mons Silden i spissen, kom tidleg med i smugling av v\u00e5pen til heimestyrkane. I V\u00e5gs\u00f8y var det st\u00f8rste v\u00e5penlageret plassert p\u00e5 Silda. Ein god del v\u00e5pen vart tekne p\u00e5 land p\u00e5 Monsabuda (nord for hovudkaia). Seinare vart v\u00e5pena frakta til &laquo;Tyskarhola&raquo; i Furevika. Dette var v\u00e5pen som vart smugla vidare [&hellip;]<\/p>\n","protected":false},"author":1,"featured_media":0,"parent":52,"menu_order":3,"comment_status":"closed","ping_status":"closed","template":"","meta":{"ngg_post_thumbnail":0,"footnotes":""},"class_list":["post-58","page","type-page","status-publish","hentry"],"_links":{"self":[{"href":"https:\/\/www.silda.com\/index.php?rest_route=\/wp\/v2\/pages\/58","targetHints":{"allow":["GET"]}}],"collection":[{"href":"https:\/\/www.silda.com\/index.php?rest_route=\/wp\/v2\/pages"}],"about":[{"href":"https:\/\/www.silda.com\/index.php?rest_route=\/wp\/v2\/types\/page"}],"author":[{"embeddable":true,"href":"https:\/\/www.silda.com\/index.php?rest_route=\/wp\/v2\/users\/1"}],"replies":[{"embeddable":true,"href":"https:\/\/www.silda.com\/index.php?rest_route=%2Fwp%2Fv2%2Fcomments&post=58"}],"version-history":[{"count":10,"href":"https:\/\/www.silda.com\/index.php?rest_route=\/wp\/v2\/pages\/58\/revisions"}],"predecessor-version":[{"id":3162,"href":"https:\/\/www.silda.com\/index.php?rest_route=\/wp\/v2\/pages\/58\/revisions\/3162"}],"up":[{"embeddable":true,"href":"https:\/\/www.silda.com\/index.php?rest_route=\/wp\/v2\/pages\/52"}],"wp:attachment":[{"href":"https:\/\/www.silda.com\/index.php?rest_route=%2Fwp%2Fv2%2Fmedia&parent=58"}],"curies":[{"name":"wp","href":"https:\/\/api.w.org\/{rel}","templated":true}]}}