{"id":47,"date":"2014-03-28T15:21:46","date_gmt":"2014-03-28T14:21:46","guid":{"rendered":"http:\/\/silda.com\/?page_id=47"},"modified":"2024-05-12T17:51:41","modified_gmt":"2024-05-12T15:51:41","slug":"generalforsamling","status":"publish","type":"page","link":"https:\/\/www.silda.com\/?page_id=47","title":{"rendered":"\u00c5rsm\u00f8tet  29. mars  2024"},"content":{"rendered":"<p><span style=\"font-family: Arial, sans-serif;\"><span style=\"font-size: medium;\">Leder Gerda Totland \u00e5pna med \u00e5 \u00f8nske velkommen, presiserte at Velforening st\u00e5r for trivsel, samarbeid og engasjement.<span style=\"font-size: large;\"><br \/>\n<\/span><span style=\"color: #0070c0;\">Godkjenning av innkalling<\/span>. <\/span><\/span><\/p>\n<p><span style=\"font-family: Arial, sans-serif;\"><span style=\"font-size: medium;\">Kommentar om at saksliste burde ligge med innkalling, styret svarer med at sakslista blir til ved sakene som kjem inn i siste liten, s\u00e5 det vil v\u00e6re vanskelig.<br \/>\nInnkalling godkjent.<br \/>\n<span style=\"color: #0070c0;\">Valg av m\u00f8teleder. <\/span>Tore Johansen valgt.<\/span><\/span><\/p>\n<p><span style=\"font-family: Arial, sans-serif;\"><span style=\"font-size: medium;\"><span style=\"color: #0070c0;\">Valg av referent<\/span> og to til \u00e5 skrive under m\u00f8teboka. Anette Wik Silden som referent, Merete Wik Silden og Kjell Inge Elde signerer m\u00f8teboka. Sissel er vara.<\/span><\/span><\/p>\n<p><span style=\"color: #0070c0;\"><span style=\"font-family: Arial, sans-serif;\"><span style=\"font-size: medium;\"><u>\u00c5rsm\u00f8tesaker <\/u><\/span><\/span><\/span><\/p>\n<p><span style=\"font-family: Arial, sans-serif;\"><span style=\"font-size: medium;\"><span style=\"color: #0070c0;\">Sak 1 \u00c5rsmelding for 2023<\/span>: Gerda Totland informerte om aktivitetene gjennom \u00e5ret, oppsummering av dette var utlevert p\u00e5 \u00e5rsm\u00f8tet for gjennomlesning for dei som \u00f8nskte det (Sj\u00e5 \u00e5rsmelding).<br \/>\nKorreksjon til punkt 4 \u2013 Gavemidler og Sponsorer. Vi har f\u00e5tt tildelt 25.000 kr som er tiltenkt til innkj\u00f8p av material.<\/span><\/span><\/p>\n<p><span style=\"font-family: Arial, sans-serif;\"><span style=\"font-size: medium;\">Status beiteprosjekt: Anders Helle vil holde et m\u00f8te etter \u00e5rsm\u00f8tet ang\u00e5ende beiteprosjektet. Kort fortalt s\u00e5 skal 2024-2025 v\u00e6re hektiske \u00e5r mtp at dei vil ha folk her p\u00e5 fast basis, ordne gjerder og beiteomr\u00e5der, br\u00e5te etc.<\/span><\/span><\/p>\n<p><span style=\"font-family: Arial, sans-serif;\"><span style=\"font-size: medium;\">Silda.com \u2013 kommentar fra Paul Sundes om at hvis vi skal fortsatt ha liv i denne, s\u00e5 m\u00e5 flere ta ansvar for denne sida. Det har vore mykje jobb med \u00e5 f\u00e5 sida opp igjen, og skal vi klare denne jobben vidare s\u00e5 m\u00e5 vi f\u00e5 sida opp i skya (konto er allerede laget), men nokon m\u00e5 ta ansvar for \u00e5 vedlikeholde denne.<br \/>\n\u00d8konomien i Velforeninga tilseier at vi kan ha denne kontoen. Forslag om at ansvaret for \u00e5 finne en ansvarlig person ligg hos styret i Velforeninga, og sida f\u00f8l velforeninga sitt organisasjonsnr etc. <span style=\"color: #6666ff;\">Forslag vedtatt.<\/span><\/span><\/span><\/p>\n<p><span style=\"font-family: Arial, sans-serif;\"><span style=\"font-size: medium;\"><span style=\"color: #0070c0;\">Sak 2 Regnskap for 2023, kontingent<\/span>.<br \/>\nRevisor vart utnevnt i siste liten. Han kommenterte at det er en dobbelt-f\u00f8ring\/ fakturerering til Nextshop AS, b\u00e5de direkte til Velforeninga og til Paul Sundnes. Dette m\u00e5 gripes fatt i for \u00e5 f\u00e5 en kredinota til denne.<br \/>\nPaul Sundes informerer om at Global Connect solgte seg ut til Nextshope \u2013 dette har f\u00f8rt til dobbeltfaktureringen, Paul tar kontakt med Nexthope for \u00e5 rette opp i dette og forventer at det skal l\u00f8se seg direkte. Tore Johansen takker for observante revisor som har bemerket dette.<br \/>\n<span style=\"color: #6666ff;\"> Regnskapet ble med dette godkjent.<\/span><\/span><\/span><\/p>\n<p><span style=\"font-family: Arial, sans-serif;\"><span style=\"font-size: medium;\"><span style=\"color: #0070c0;\">Sak3 Valg av nytt styre:<br \/>\n<\/span><span lang=\"sv-SE\">Gerda Totland (leder, tar attval)<\/span><\/span><\/span><\/p>\n<p><span style=\"font-family: Arial, sans-serif;\"><span style=\"font-size: medium;\">Tore Johansen (tar attval som nestleder)<\/span><\/span><\/p>\n<p><span style=\"font-family: Arial, sans-serif;\"><span style=\"font-size: medium;\">Ann-Mari Silden (ikke p\u00e5 val)<\/span><\/span><\/p>\n<p><span style=\"font-family: Arial, sans-serif;\"><span style=\"font-size: medium;\"> Margunn Kvalheim Rae (ikke p\u00e5 val)<\/span><\/span><\/p>\n<p><span style=\"font-family: Arial, sans-serif;\"><span style=\"font-size: medium;\"> Leif Magne Wik (tok ikkje gjenval)<\/span><\/span><\/p>\n<p><span style=\"font-family: Arial, sans-serif;\"><span style=\"font-size: medium;\">Varamedlemmer:<\/span><\/span><\/p>\n<p lang=\"sv-SE\"><span style=\"font-family: Arial, sans-serif;\"><span style=\"font-size: medium;\"> Jarl-Magne Silden (tar attvalg som vara)<\/span><\/span><\/p>\n<p lang=\"sv-SE\"><span style=\"font-family: Arial, sans-serif;\"><span style=\"font-size: medium;\"> Sindre Langlo (tok ikkje gjenval).<\/span><\/span><\/p>\n<p><span style=\"font-family: Arial, sans-serif;\"><span style=\"font-size: medium;\"><span style=\"color: #0070c0;\">Nye medlemmer fremma og valt p\u00e5 m\u00f8tet<\/span><span style=\"color: #6666ff;\">:<\/span><\/span><\/span><\/p>\n<p><span style=\"font-family: Arial, sans-serif;\"><span style=\"font-size: medium;\"> <span style=\"color: #111111;\">Kjell Inge Elde nytt styremedlem<\/span><\/span><\/span><\/p>\n<p><span style=\"font-family: Arial, sans-serif;\"><span style=\"font-size: medium;\"><span lang=\"sv-SE\">Rune Nordpoll nytt varamedlem.<\/span><\/span><\/span><\/p>\n<p><span style=\"color: #0070c0;\"> <span style=\"font-family: Arial, sans-serif;\"><span style=\"font-size: medium;\">Revisorer: <\/span>Revisor: Kjell Rune Gangs\u00f8y og Sindre Langlo <\/span><\/span><\/p>\n<p><span style=\"font-family: Arial, sans-serif;\"><span style=\"font-size: medium;\"><span style=\"color: #0070c0;\">Sak 4. Eventuelt.<\/span><\/span><\/span><\/p>\n<p><span style=\"color: #0070c0;\"> <span style=\"font-family: Arial, sans-serif;\"><span style=\"font-size: medium;\">&#8211; <\/span>Laget jobber med \u00abhistorie\u00bb forteller langs med turl\u00f8ypa, samarbeid med Anders Gunnar Hele<\/span><\/span><\/p>\n<ul>\n<li><span style=\"font-family: Arial, sans-serif;\"><span style=\"font-size: medium;\">Forslag om \u00e5 bruke dei 25.000 kr til ei dagstur-hytte i Gulevikja. Gerda Totland jobber med avtale med resten av grunn-eigerane til omr\u00e5det. <\/span><\/span><span style=\"font-family: Arial, sans-serif;\"><span style=\"font-size: medium;\">&#8211; Sindre Langlo kommenterer at en b\u00f8r s\u00f8ke midler flere plasser for \u00e5 f\u00e5 finansiert heile hytta. Jan Silden ber styret sjekke kostnad for ferdig hytte. Det lokale Turlaget kan v\u00e6re en god ressurs \u00e5 kontakte, for \u00e5 f\u00e5 informasjon. <\/span><\/span><span style=\"color: #6666ff;\"><span style=\"font-family: Arial, sans-serif;\"><span style=\"font-size: medium;\">\u00c5rsm\u00f8tet gir styret fullmakt til \u00e5 utrede dette, \u00e5rsm\u00f8tet stiller seg positive til forslaget.<\/span><\/span><\/span>\n<p><span style=\"font-family: Arial, sans-serif;\"><span style=\"font-size: medium;\">&#8211; <u>Sommerfest 2024 <\/u>\u2013 forslag om \u00e5 gjennomf\u00f8re ny fest i 2024. En del arrangement er lette \u00e5 gjennomf\u00f8re, mens andre arrangement, som for eksempel Vikingfrokost, krev flere folk. M\u00f8tet var i stuss p\u00e5 korleis en skal f\u00e5 fatt i disse. Annonsering p\u00e5 FB har v\u00e6rt vanskelig tidligere \u2013 gitt lite respons. Fjor\u00e5rets fest er \u00e5 anse som en suksess. <\/span><\/span><\/p>\n<p><span style=\"font-family: Arial, sans-serif;\"><span style=\"font-size: medium;\">Forslag fra salen om at styret m\u00e5 finne sm\u00e5barnsforeldre i komite for arrangement for barn. <\/span><\/span><\/p>\n<p><span style=\"font-family: Arial, sans-serif;\"><span style=\"font-size: medium;\"><span style=\"color: #6666ff;\">Styret anser dette som en informasjonssak og ingen vedtak fattes.<\/span><\/span><\/span><\/p>\n<p><span style=\"font-family: Arial, sans-serif;\"><span style=\"font-size: medium;\"><span style=\"color: #0070c0;\">Rutetider med nytt selskap<br \/>\n<\/span> Sp\u00f8rsm\u00e5l fra salen&#8212;:er det mulig \u00e5 f\u00e5 til et samarbeid for \u00e5 f\u00e5 bedre korrespondanse med b\u00e5ten fra Bergen da en del folk faktisk kjem med den og gjerne vil komme seg rett fram. Ulike medlemmer har tatt kontakt med fylket, men uten \u00e5 f\u00e5 svar. <\/span><\/span><\/li>\n<\/ul>\n<p><span style=\"font-family: Arial, sans-serif;\"><span style=\"font-size: medium;\"> Vi \u00f8nsker en permanent endring i rutetidene for dette. Kan velforeningen f\u00e5 et m\u00f8te med Samferdsel v. Kristin Maurstad om dette?, Det vil for eksempel ikke v\u00e6re mulig \u00e5 f\u00e5 opp ruta Bergen \u2013 Silda i et s\u00f8k ;om at det ikke er korresponderende b\u00e5t.<br \/>\nKan vi f\u00e5 eigere av ny b\u00e5t til ogs\u00e5 \u00e5 ta kontakt med Fylkeskommunen for \u00e5 legge press den veien ogs\u00e5?. <\/span><\/span><\/p>\n<p><span style=\"font-family: Arial, sans-serif;\"><span style=\"font-size: medium;\">Ruter p\u00e5 Bevegelige helligdager \u2013 n\u00e5r \u00d8yglimt fikk bytte ut morgenrutene p\u00e5 vinteren mot ruter p\u00e5 Signal, s\u00e5 fikk vi rute bevegelige helligdager til gjengjeld. <\/span><\/span><\/p>\n<p><span style=\"font-family: Arial, sans-serif;\"><span style=\"font-size: medium;\"> Vi veit ikkje korleis dette blir framover? Kan styret ta kontakt med det nye rederiet for \u00e5 \u00f8nske dei velkommen, og jobbe for at vi kan ha et godt samarbeid videre?.<\/span><\/span><\/p>\n<p><span style=\"color: #0070c0;\"><span style=\"font-family: Arial, sans-serif;\"><span style=\"font-size: medium;\">Samr\u00f8ystes vedtak om fullmakter til styret&#8211; uten ny \u00e5rsm\u00f8tegodkjenning.<\/span><\/span><\/span><\/p>\n<ul>\n<li><span style=\"font-family: Arial, sans-serif;\"><span style=\"font-size: medium;\">Styret har fullmakt til \u00e5 kj\u00f8pe tilleggstjenester og material ved behov &#8211; uten \u00e5 m\u00e5tte g\u00e5 via \u00e5rsm\u00f8tet.<\/span><\/span><span style=\"font-family: Arial, sans-serif;\"><span style=\"font-size: medium;\">&#8211; Vedlikehold av lys p\u00e5 kaia- styret har l\u00f8yve til \u00e5 investere det som trengs.<\/span><\/span><\/li>\n<li><span style=\"font-family: Arial, sans-serif;\"><span style=\"font-size: medium;\">Fiber p\u00e5 Silda: styret i velforeninga ser ikkje at dette er ei sak for velforeninga, men ei sak for den enkelte husstand\/ abonnent. <\/span><\/span><\/li>\n<li><span style=\"font-family: Arial, sans-serif;\"><span style=\"font-size: medium;\">Kontingent: Kan en f\u00e5 ei litt mer heilhetlig\/ oversiktlig m\u00e5te \u00e5 kreve inn kontingent. Anette oppretter liste som alle skal skrive seg inn i for fremtidig bruk<\/span><\/span><\/li>\n<\/ul>\n<p><span style=\"font-family: Arial, sans-serif;\"><span style=\"font-size: medium;\">&nbsp;&nbsp;&nbsp;&nbsp;&nbsp;&nbsp;&nbsp;&nbsp;&nbsp;&nbsp;&nbsp;&nbsp;&nbsp;&nbsp;&nbsp;&nbsp;&nbsp;&nbsp;&nbsp;&nbsp;&nbsp; Merete Wik Silden(sign)<\/span><\/span><\/p>\n<p><span style=\"font-family: Arial, sans-serif;\"><span style=\"font-size: medium;\">&nbsp;&nbsp;&nbsp;&nbsp;&nbsp;&nbsp;&nbsp;&nbsp;&nbsp;&nbsp;&nbsp;&nbsp;&nbsp;&nbsp;&nbsp;&nbsp;&nbsp;&nbsp;&nbsp;&nbsp; Protokollen gjennomlest og godkjent p\u00e5 m\u00f8tet<\/span><\/span><\/p>\n<p><span style=\"font-family: Arial, sans-serif;\"><span style=\"font-size: medium;\">&nbsp;&nbsp;&nbsp;&nbsp;&nbsp;&nbsp;&nbsp;&nbsp;&nbsp;&nbsp;&nbsp;&nbsp;&nbsp;&nbsp;&nbsp;&nbsp;&nbsp;&nbsp;&nbsp;&nbsp; Sissel Brunsvik(sign)&nbsp;&nbsp;&nbsp;&nbsp;&nbsp;&nbsp;&nbsp;&nbsp;&nbsp;&nbsp;&nbsp;&nbsp; Kjell Inge Elde (sign)<\/span><\/span><\/p>\n<p>********************************************************************<\/p>\n<h6 align=\"left\"><span style=\"font-family: Arial,sans-serif;\"><span style=\"font-size: x-large;\">Nedanfor&nbsp;&nbsp; finn du Referat, \u00c5rsmeding og Rekneskap for<br \/>\n&nbsp;&nbsp;&nbsp;&nbsp;&nbsp;&nbsp;&nbsp;&nbsp;&nbsp;&nbsp;&nbsp;&nbsp;&nbsp;&nbsp;&nbsp;&nbsp;&nbsp;&nbsp;&nbsp;&nbsp;&nbsp; tidlegare \u00e5rsm\u00f8ta i Silda Velforening<\/span><\/span><\/h6>\n<h4 align=\"left\"><span style=\"color: #993300;\"><em>Alt som markert med bl\u00e5 farge, er kopling til eit dokument. Klikk p\u00e5 og du f\u00e5r nedlasting i PDF<\/em> <\/span><\/h4>\n<p><a href=\"https:\/\/www.silda.com\/wp-content\/uploads\/2024\/04\/24-armotet-Silda-velforening.pdf\" target=\"_blank\" rel=\"noopener\">\u00c5rsm\u00f8te 2024-ref&nbsp;<\/a>&nbsp;&nbsp; <a href=\"https:\/\/www.silda.com\/wp-content\/uploads\/2024\/04\/23-Rekneskap.pdf\" target=\"_blank\" rel=\"noopener\">Rekneskap 2023<\/a>&nbsp; <a href=\"https:\/\/www.silda.com\/wp-content\/uploads\/2024\/04\/23-Rekneskap.pdf\" target=\"_blank\" rel=\"noopener\">\u00c5rsmelding for 2023<\/a>&nbsp; &nbsp;<\/p>\n<p><strong><span style=\"color: #0000ff;\"><a style=\"color: #0000ff;\" href=\"https:\/\/www.silda.com\/wp-content\/uploads\/2024\/03\/2023-Arsmotet-med-sign.pdf\" target=\"_blank\" rel=\"noopener\">\u00c5rsm\u00f8te 2023-ref <\/a>&nbsp; <a style=\"color: #0000ff;\" href=\"https:\/\/www.silda.com\/wp-content\/uploads\/2024\/03\/Arsmelding-2022.pdf\" target=\"_blank\" rel=\"noopener\">\u00c5rsmelding for 2022<\/a> &nbsp; <\/span><a href=\"https:\/\/www.silda.com\/wp-content\/uploads\/2024\/03\/Rekneskap-2022.pdf\" target=\"_blank\" rel=\"noopener\"><span style=\"color: #0000ff;\">Rekneskap for 2022<\/span><\/a><\/strong><\/p>\n<p><span style=\"color: #ff0000;\">\u00c5rsm\u00f8ta for 2020 og 2021 vart ikkje avhaldne -grunna Pandemirestriksjonar<\/span><\/p>\n<p><span style=\"color: #0000ff;\"><a style=\"color: #0000ff;\" href=\"https:\/\/www.silda.com\/wp-content\/uploads\/2019\/05\/19-\u00c5rsm\u00f8te-for-2019.pdf\">\u00c5rsm\u00f8te 2019-ref<\/a>&nbsp;<\/span> &nbsp; <a href=\"https:\/\/www.silda.com\/wp-content\/uploads\/2024\/04\/18-Arsmelding.pdf\" target=\"_blank\" rel=\"noopener\">\u00c5rsmelding for 2018<\/a>&nbsp;<a href=\"https:\/\/www.silda.com\/wp-content\/uploads\/2024\/04\/18-Rekneskap.pdf\"> Rekneskap for 2018<\/a><\/p>\n<p><span style=\"color: #0000ff;\"><a style=\"color: #0000ff;\" href=\"https:\/\/www.silda.com\/wp-content\/uploads\/2018\/04\/18-\u00c5rsm\u00f8te-ref.pdf\">\u00c5rsm\u00f8te 2018 -ref<\/a>&nbsp;<\/span>&nbsp; <span style=\"color: #0000ff;\"><a style=\"color: #0000ff;\" href=\"https:\/\/www.silda.com\/wp-content\/uploads\/2018\/04\/\u00c5RSMELDING-FOR-DRIFTS\u00c5RET-2017.pdf\">\u00c5rsmelding for 2017<\/a>&nbsp; R<\/span><a href=\"https:\/\/www.silda.com\/wp-content\/uploads\/2018\/04\/18-Rekneskap-2017.pdf\"><span style=\"color: #0000ff;\">ekneskap for 2017<\/span><\/a><\/p>\n<p><span style=\"color: #0000ff;\"><a style=\"color: #0000ff;\" href=\"https:\/\/www.silda.com\/wp-content\/uploads\/2017\/04\/\u00c5rsm\u00f8te-ref2017.pdf\">\u00c5rsm\u00f8te 2017-ref<\/a>&nbsp;&nbsp;&nbsp;&nbsp;&nbsp;&nbsp;<a style=\"color: #0000ff;\" href=\"https:\/\/www.silda.com\/wp-content\/uploads\/2014\/03\/\u00c5RSMELDING-FOR-DRIFTS\u00c5RET-2016.pdf\"> \u00c5rsmelding for 2016<\/a><\/span>&nbsp; <a href=\"https:\/\/www.silda.com\/wp-content\/uploads\/2024\/04\/18-Rekneskap.pdf\">Rekneskap for 2016<\/a><\/p>\n<p><span style=\"color: #0000ff;\"><span style=\"text-decoration: underline;\"><a style=\"color: #0000ff; text-decoration: underline;\" href=\"https:\/\/www.silda.com\/wp-content\/uploads\/2014\/03\/Ref.-\u00e5rsm\u00f8tet-2016.pdf\">\u00c5rsm\u00f8te 2016-ref<\/a><\/span>. &nbsp;&nbsp;&nbsp;&nbsp;&nbsp;<span style=\"text-decoration: underline;\"><a style=\"color: #0000ff; text-decoration: underline;\" href=\"https:\/\/www.silda.com\/wp-content\/uploads\/2014\/03\/\u00c5rsmelding-2015.pdf\"> \u00c5rsmelding for 2015<\/a><\/span>&nbsp; &nbsp;&nbsp; <span style=\"text-decoration: underline;\"><a style=\"color: #0000ff; text-decoration: underline;\" href=\"https:\/\/www.silda.com\/wp-content\/uploads\/2014\/03\/2015-rekneskap.pdf\">\u00c5rsrekneskap 2015<\/a>&nbsp;<\/span>&nbsp;&nbsp; <span style=\"text-decoration: underline;\"><a style=\"color: #0000ff; text-decoration: underline;\" href=\"https:\/\/www.silda.com\/wp-content\/uploads\/2014\/03\/budsjett-2016.pdf\">Budsjett for -2016<\/a><\/span><\/span><\/p>\n<p><span style=\"color: #0000ff;\"><span style=\"text-decoration: underline;\"><a style=\"color: #0000ff; text-decoration: underline;\" title=\"\u00c5rsm\u00f8te 2015 -ref.\" href=\"https:\/\/www.silda.com\/wp-content\/uploads\/2015\/04\/\u00c5rsm\u00f8te-2015.pdf\" target=\"_blank\" rel=\"noopener\">\u00c5rsm\u00f8te 2015 &#8211; ref.<\/a><\/span>&nbsp;&nbsp;&nbsp;&nbsp;&nbsp; <\/span><span style=\"color: #0000ff;\"><span style=\"text-decoration: underline;\"><a style=\"color: #0000ff; text-decoration: underline;\" href=\"https:\/\/www.silda.com\/wp-content\/uploads\/2015\/04\/\u00c5RSMELDING-2014-P\u00c5SKA-2015.pdf\">\u00c5rsmelding for 2014<\/a><\/span>&nbsp;&nbsp; &nbsp;&nbsp;<span style=\"text-decoration: underline;\"><a style=\"color: #0000ff; text-decoration: underline;\" href=\"https:\/\/www.silda.com\/wp-content\/uploads\/2016\/03\/\u00c5RSMELDING-FOR-DRIFTS\u00c5RET-2015.pdf\"> \u00c5rrekneskap 2014<\/a><\/span>&nbsp;&nbsp; &nbsp; &nbsp; &nbsp;&nbsp; <\/span><\/p>\n<p><span style=\"color: #0000ff;\"><a style=\"color: #0000ff;\" href=\"https:\/\/www.silda.com\/wp-content\/uploads\/2015\/03\/\u00c5rsm\u00f8te-2014.pdf\" target=\"_blank\" rel=\"noopener\"><span style=\"text-decoration: underline;\">\u00c5rsm\u00f8te 2014 &#8211; ref<\/span>.<\/a>&nbsp;&nbsp;&nbsp;&nbsp;&nbsp; <span style=\"text-decoration: underline;\"><a style=\"color: #0000ff; text-decoration: underline;\" href=\"https:\/\/www.silda.com\/wp-content\/uploads\/2014\/03\/14-\u00c5RSMELDING-P\u00c5SKA.pdf\" target=\"_blank\" rel=\"noopener\">\u00c5rsmelding for 2013<\/a><\/span> &nbsp; &nbsp;&nbsp; <a style=\"color: #0000ff;\" href=\"https:\/\/www.silda.com\/wp-content\/uploads\/2014\/05\/Signert-\u00e5rsoppgj\u00f8r-2013..pdf\" target=\"_blank\" rel=\"noopener\"><span style=\"text-decoration: underline;\">\u00c5rsoppgj\u00f8r 2013<\/span>.<\/a>&nbsp;&nbsp;&nbsp; &nbsp; &nbsp; <a style=\"color: #0000ff;\" href=\"https:\/\/www.silda.com\/wp-content\/uploads\/2014\/05\/Budsjettforslag-2014.pdf\" target=\"_blank\" rel=\"noopener\">Budsjett for 2014<\/a><\/span><\/p>\n<p><span style=\"color: #0000ff;\"><a style=\"color: #0000ff;\" href=\"https:\/\/www.silda.com\/wp-content\/uploads\/2014\/04\/\u00c5rsm\u00f8te-2013-ref-.pdf\" target=\"_blank\" rel=\"noopener\">\u00c5rsm\u00f8te 2013- ref-<\/a> &nbsp; &nbsp;&nbsp; \u00c5<a style=\"color: #0000ff;\" href=\"https:\/\/www.silda.com\/wp-content\/uploads\/2014\/04\/13-\u00e5rsmelding-for-2012.pdf\" target=\"_blank\" rel=\"noopener\">rsmelding for 2012<\/a> <\/span>&nbsp;&nbsp; &nbsp;&nbsp; Rekneskap for&nbsp; 2012<\/p>\n<p><span style=\"color: #0000ff;\"><a style=\"color: #0000ff;\" href=\"https:\/\/www.silda.com\/wp-content\/uploads\/2014\/03\/Referat-fr\u00e5-\u00e5rsm\u00f8tet-2012.pdf\">\u00c5rsm\u00f8te 2012 -ref &nbsp;<\/a><\/span> &nbsp; &nbsp; &nbsp; <a href=\"https:\/\/www.silda.com\/wp-content\/uploads\/2016\/03\/\u00c5RSMELDING-FOR-2011.pdf\">\u00c5rsmelding for 2011<\/a>&nbsp;&nbsp;&nbsp;&nbsp;&nbsp;&nbsp;&nbsp; Rekneskap for&nbsp; 2011<\/p>\n<p><a href=\"https:\/\/www.silda.com\/wp-content\/uploads\/2014\/03\/Referat-\u00e5rsm\u00f8te2011.pdf\">\u00c5rsm\u00f8te 2011 -ref&nbsp;<\/a>&nbsp;&nbsp;&nbsp;&nbsp;&nbsp;&nbsp;&nbsp;&nbsp; \u00c5rsmelding for 2010 &nbsp;&nbsp;&nbsp;&nbsp;&nbsp;&nbsp; Rekneskap for&nbsp; 2010<\/p>\n<p><a href=\"https:\/\/www.silda.com\/wp-content\/uploads\/2014\/03\/Referat-fra-\u00e5rsm\u00f8te-2010.pdf\">\u00c5rsm\u00f8te 2010 &#8211; ref&nbsp;<\/a>&nbsp;&nbsp; &nbsp; &nbsp;&nbsp; \u00c5rsmelding for 2009 &nbsp;&nbsp;&nbsp;&nbsp;&nbsp;&nbsp; Rekneskap for&nbsp; 2009<\/p>\n<p><span style=\"color: #0000ff;\"><a style=\"color: #0000ff;\" href=\"https:\/\/www.silda.com\/wp-content\/uploads\/2014\/03\/Referat-fr\u00e5-\u00e5rsm\u00f8te-2009.pdf\">\u00c5rsm\u00f8te 2009 &#8211; ref<\/a>&nbsp;&nbsp;&nbsp;&nbsp;&nbsp;&nbsp;&nbsp;&nbsp; <span style=\"color: #000000;\">\u00c5rsmelding for 2008 &nbsp;&nbsp;&nbsp;&nbsp;&nbsp;&nbsp; Rekneskap for&nbsp; 2008<\/span><\/span><\/p>\n<p><a href=\"https:\/\/www.silda.com\/wp-content\/uploads\/2014\/03\/Referat-fr\u00e5-\u00e5rsm\u00f8te-i-Silda-Velforening-2008.pdf\">\u00c5rsm\u00f8te 2008 &#8211; ref<\/a> &nbsp;&nbsp;&nbsp;&nbsp;&nbsp;&nbsp;&nbsp; <a href=\"https:\/\/www.silda.com\/wp-content\/uploads\/2016\/03\/\u00c5rsmelding-2007.pdf\">\u00c5rsmelding &#8211; 2007<\/a><\/p>\n<p><span style=\"color: #0000ff;\"><a style=\"color: #0000ff;\" href=\"https:\/\/www.silda.com\/wp-content\/uploads\/2014\/03\/Protokoll-fra-\u00e5rsm\u00f8te-2007.pdf\">\u00c5rsm\u00f8te 2007 &#8211; ref<\/a><\/span> &nbsp;&nbsp;&nbsp;&nbsp;&nbsp;&nbsp;&nbsp;&nbsp; <a href=\"https:\/\/www.silda.com\/wp-content\/uploads\/2016\/03\/\u00c5rsmelding-2006.pdf\">\u00c5rsmelding &#8211; 2006<\/a><\/p>\n<p class=\"western\">&nbsp;<\/p>\n<p>&nbsp;<\/p>\n<p lang=\"nb-NO\"><span style=\"color: #333333;\"><span style=\"font-family: Helvetica, sans-serif;\"><span style=\"font-size: small;\"><br \/>\n<\/span><\/span><\/span><span style=\"color: #333333;\"><span style=\"font-family: Helvetica, sans-serif;\"><span style=\"font-size: small;\"><br \/>\n<\/span><\/span><\/span><\/p>\n<h6 align=\"left\">&nbsp;<\/h6>\n","protected":false},"excerpt":{"rendered":"<p>Leder Gerda Totland \u00e5pna med \u00e5 \u00f8nske velkommen, presiserte at Velforening st\u00e5r for trivsel, samarbeid og engasjement. Godkjenning av innkalling. Kommentar om at saksliste burde ligge med innkalling, styret svarer med at sakslista blir til ved sakene som kjem inn i siste liten, s\u00e5 det vil v\u00e6re vanskelig. Innkalling godkjent. Valg av m\u00f8teleder. Tore Johansen [&hellip;]<\/p>\n","protected":false},"author":1,"featured_media":0,"parent":37,"menu_order":5,"comment_status":"closed","ping_status":"closed","template":"","meta":{"ngg_post_thumbnail":0,"footnotes":""},"class_list":["post-47","page","type-page","status-publish","hentry"],"_links":{"self":[{"href":"https:\/\/www.silda.com\/index.php?rest_route=\/wp\/v2\/pages\/47","targetHints":{"allow":["GET"]}}],"collection":[{"href":"https:\/\/www.silda.com\/index.php?rest_route=\/wp\/v2\/pages"}],"about":[{"href":"https:\/\/www.silda.com\/index.php?rest_route=\/wp\/v2\/types\/page"}],"author":[{"embeddable":true,"href":"https:\/\/www.silda.com\/index.php?rest_route=\/wp\/v2\/users\/1"}],"replies":[{"embeddable":true,"href":"https:\/\/www.silda.com\/index.php?rest_route=%2Fwp%2Fv2%2Fcomments&post=47"}],"version-history":[{"count":99,"href":"https:\/\/www.silda.com\/index.php?rest_route=\/wp\/v2\/pages\/47\/revisions"}],"predecessor-version":[{"id":2970,"href":"https:\/\/www.silda.com\/index.php?rest_route=\/wp\/v2\/pages\/47\/revisions\/2970"}],"up":[{"embeddable":true,"href":"https:\/\/www.silda.com\/index.php?rest_route=\/wp\/v2\/pages\/37"}],"wp:attachment":[{"href":"https:\/\/www.silda.com\/index.php?rest_route=%2Fwp%2Fv2%2Fmedia&parent=47"}],"curies":[{"name":"wp","href":"https:\/\/api.w.org\/{rel}","templated":true}]}}