{"id":45,"date":"2014-01-08T15:21:09","date_gmt":"2014-01-08T14:21:09","guid":{"rendered":"http:\/\/silda.com\/?page_id=45"},"modified":"2023-12-07T09:54:43","modified_gmt":"2023-12-07T08:54:43","slug":"styreprotokoller","status":"publish","type":"page","link":"https:\/\/www.silda.com\/?page_id=45","title":{"rendered":"Styreprotokoller"},"content":{"rendered":"<p>&nbsp;<\/p>\n<p><span style=\"text-decoration: underline;\"><strong>*************Tidlegare styreprotokollar************<\/strong><\/span><\/p>\n<p>&nbsp;<\/p>\n<p><span style=\"color: #0000ff;\">Styrem\u00f8te 2023<\/span> &gt; <span style=\"color: #0000ff;\"><a style=\"color: #0000ff;\" href=\"https:\/\/www.silda.com\/wp-content\/uploads\/2023\/12\/2023-konstituering.pdf\" target=\"_blank\" rel=\"noopener\">Konstituering Juni<\/a> <\/span>&gt; <a href=\"_wp_link_placeholder\" data-wplink-edit=\"true\">20-\u00e5r med Silda vel-samandrag<\/a><br \/>\n<span style=\"color: #0000ff;\"><a style=\"color: #0000ff;\" href=\"https:\/\/www.silda.com\/wp-content\/uploads\/2018\/04\/18-Styrem\u00f8tet-februar.pdf\" target=\"_blank\" rel=\"noopener\"><span style=\"color: #0000ff;\">Styrem\u00f8te februar&nbsp;<\/span><\/a><\/span> &gt;<span style=\"color: #0000ff;\"> <a style=\"color: #0000ff;\" href=\"https:\/\/www.silda.com\/wp-content\/uploads\/2018\/04\/18-Styrem%C3%B8te-mars.pdf\" target=\"_blank\" rel=\"noopener\">m\u00f8te mars<\/a> <\/span>&gt; <span style=\"color: #0000ff;\"><a style=\"color: #0000ff;\" href=\"https:\/\/www.silda.com\/wp-content\/uploads\/2018\/05\/18-Styrem\u00f8te-april-1.pdf\" target=\"_blank\" rel=\"noopener\">m\u00f8te apri<\/a>l<\/span>&nbsp; &gt;&nbsp;<br \/>\n<span style=\"color: #0000ff;\"><a style=\"color: #0000ff;\" href=\"https:\/\/www.silda.com\/wp-content\/uploads\/2017\/05\/17-SV-Styrem\u00f8te-9.-mai.pdf\">Styrem\u00f8te 9. mai 2017&nbsp; <\/a><\/span>&gt; <a href=\"https:\/\/www.silda.com\/wp-content\/uploads\/2017\/07\/Styre-juli-2.pdf\"><span style=\"color: #0000ff;\">Styrem\u00f8tet 10.juli 2017<\/span><\/a><br \/>\n<span style=\"color: #0000ff;\"><a style=\"color: #0000ff;\" href=\"https:\/\/www.silda.com\/wp-content\/uploads\/2016\/07\/Referat-styrem\u00f8te-9.pdf\">Styrem\u00f8te 9. juli 2016&nbsp;<\/a> &gt;&nbsp; <a style=\"color: #0000ff;\" href=\"https:\/\/www.silda.com\/wp-admin\/post.php?post=1417&amp;action=edit\"><span style=\"color: #0000ff;\">Takkebrev til V\u00e5gs\u00f8y kommune<\/span><\/a><br \/>\n<\/span><span style=\"color: #0000ff;\"><a style=\"color: #0000ff;\" href=\"https:\/\/www.silda.com\/wp-content\/uploads\/2015\/08\/15-styrem\u00f8te-ref-11.juli_.pdf\" target=\"_blank\" rel=\"noopener\">Styrem\u00f8tet 11.juli 2015 <\/a> &gt;&nbsp; <a style=\"color: #0000ff;\" href=\"https:\/\/www.silda.com\/wp-content\/uploads\/2015\/08\/Skaiteplass-avtale.pdf\">Avtale med &laquo;Fernandobuda&raquo;<\/a><br \/>\n<\/span><span style=\"color: #0000ff;\"><a style=\"color: #0000ff;\" href=\"https:\/\/www.silda.com\/wp-content\/uploads\/2014\/01\/14-styrem\u00f8te-ref-17april.pdf\">Styrem\u00f8tet 17. april 2014<\/a>&nbsp;&nbsp; <a style=\"color: #0000ff;\" href=\"http:\/\/silda.com\/?attachment_id=882%20\">Styrem\u00f8tet&nbsp; 11. juli 2014<\/a><br \/>\n<\/span><span style=\"color: #0000ff;\"><a style=\"color: #0000ff;\" title=\"Styrem\u00f8tet 19.feb.2013\" href=\"https:\/\/www.silda.com\/wp-content\/uploads\/2014\/01\/13-Styrem\u00f8te-19.feb_.pdf\">Styrem\u00f8tet 19. feb. 2013<\/a>&nbsp; &nbsp; <a style=\"color: #0000ff;\" href=\"https:\/\/www.silda.com\/wp-content\/uploads\/2014\/01\/13-styrem\u00f8te-ref-mars.pdf\">Styrem\u00f8tet 13.mars 2013 <\/a>&nbsp;<a style=\"color: #0000ff;\" href=\"https:\/\/www.silda.com\/wp-content\/uploads\/2014\/01\/13-Styrem\u00f8te-18.mai_.pdf\">Styrem\u00f8tet 18. mai 2013<\/a>&nbsp; <a style=\"color: #0000ff;\" href=\"https:\/\/www.silda.com\/wp-content\/uploads\/2014\/01\/13-styrem\u00f8t-23.juli_.pdf\">Styrem\u00f8tet 23. juli 2013<\/a><br \/>\n<\/span><span style=\"color: #0000ff;\">S<a style=\"color: #0000ff;\" href=\"https:\/\/www.silda.com\/wp-content\/uploads\/2014\/03\/12-Styrem\u00f8tet-april.pdf\">tyrem\u00f8tet 19. april 2012&nbsp;&nbsp; <\/a><a style=\"color: #0000ff;\" href=\"https:\/\/www.silda.com\/wp-content\/uploads\/2014\/03\/12-Styrem\u00f8tet-mai.pdf\">Styrem\u00f8tet 19. mai 2012&nbsp;&nbsp; <\/a><a style=\"color: #0000ff;\" href=\"https:\/\/www.silda.com\/wp-content\/uploads\/2014\/03\/12-Styrem\u00f8tet-juli.pdf\">Styrem\u00f8tet 28 juli 2012&nbsp;<\/a><br \/>\n<\/span><span style=\"color: #0000ff;\"><a style=\"color: #0000ff;\" href=\"https:\/\/www.silda.com\/wp-content\/uploads\/2014\/03\/Referat-fra-styrem\u00f8te-23-april-2011.pdf\">Styrem\u00f8te 23 april 2011<\/a><br \/>\n<\/span><span style=\"color: #0000ff;\"><a style=\"color: #0000ff;\" href=\"https:\/\/www.silda.com\/wp-content\/uploads\/2014\/03\/Referat-fra-styrem\u00f8te-3-mars-2010.pdf\">Styrem\u00f8te 3 mars 2010<\/a>&nbsp;&nbsp;&nbsp;&nbsp;&nbsp;&nbsp; <a style=\"color: #0000ff;\" href=\"https:\/\/www.silda.com\/wp-content\/uploads\/2014\/03\/Referat-fra-styrem\u00f8te-13-april-2010.pdf\">Styrem\u00f8te 13 april 2010<\/a><br \/>\n<\/span><span style=\"color: #0000ff;\"><a style=\"color: #0000ff;\" href=\"https:\/\/www.silda.com\/wp-content\/uploads\/2014\/03\/Styrem\u00f8te-10.-des-2009.pdf\">Styrem\u00f8te 10. des 2009<\/a><br \/>\n<\/span><span style=\"color: #0000ff;\"><a style=\"color: #0000ff;\" href=\"https:\/\/www.silda.com\/wp-content\/uploads\/2014\/03\/Referat-fra-styrem\u00f8te-8-januar-2008.pdf\">Styrem\u00f8te 8 januar 2008&nbsp;&nbsp;&nbsp;&nbsp;&nbsp; <\/a><a style=\"color: #0000ff;\" href=\"https:\/\/www.silda.com\/wp-content\/uploads\/2014\/03\/Saker-til-Styrem\u00f8tet-f\u00f8r-p\u00e5ska-2008.pdf\">Saker til Styrem\u00f8tet f\u00f8r p\u00e5ska 2008<\/a><br \/>\n<\/span><span style=\"color: #0000ff;\"><a style=\"color: #0000ff;\" href=\"https:\/\/www.silda.com\/wp-content\/uploads\/2014\/03\/Referat-fra-styrem\u00f8te-29-april-2007.pdf\">Styrem\u00f8te 29 april 2007<\/a><br \/>\n<\/span><span style=\"color: #0000ff;\"><a style=\"color: #0000ff;\" href=\"https:\/\/www.silda.com\/wp-content\/uploads\/2014\/03\/Referat-fra-styrem\u00f8te-15-desember-2006.pdf\">Styrem\u00f8te 15 desember 2006<\/a><\/span><\/p>\n","protected":false},"excerpt":{"rendered":"<p>&nbsp; *************Tidlegare styreprotokollar************ &nbsp; Styrem\u00f8te 2023 &gt; Konstituering Juni &gt; 20-\u00e5r med Silda vel-samandrag Styrem\u00f8te februar&nbsp; &gt; m\u00f8te mars &gt; m\u00f8te april&nbsp; &gt;&nbsp; Styrem\u00f8te 9. mai 2017&nbsp; &gt; Styrem\u00f8tet 10.juli 2017 Styrem\u00f8te 9. juli 2016&nbsp; &gt;&nbsp; Takkebrev til V\u00e5gs\u00f8y kommune Styrem\u00f8tet 11.juli 2015 &gt;&nbsp; Avtale med &laquo;Fernandobuda&raquo; Styrem\u00f8tet 17. april 2014&nbsp;&nbsp; Styrem\u00f8tet&nbsp; 11. juli 2014 [&hellip;]<\/p>\n","protected":false},"author":1,"featured_media":0,"parent":37,"menu_order":4,"comment_status":"closed","ping_status":"closed","template":"","meta":{"ngg_post_thumbnail":0,"footnotes":""},"class_list":["post-45","page","type-page","status-publish","hentry"],"_links":{"self":[{"href":"https:\/\/www.silda.com\/index.php?rest_route=\/wp\/v2\/pages\/45","targetHints":{"allow":["GET"]}}],"collection":[{"href":"https:\/\/www.silda.com\/index.php?rest_route=\/wp\/v2\/pages"}],"about":[{"href":"https:\/\/www.silda.com\/index.php?rest_route=\/wp\/v2\/types\/page"}],"author":[{"embeddable":true,"href":"https:\/\/www.silda.com\/index.php?rest_route=\/wp\/v2\/users\/1"}],"replies":[{"embeddable":true,"href":"https:\/\/www.silda.com\/index.php?rest_route=%2Fwp%2Fv2%2Fcomments&post=45"}],"version-history":[{"count":86,"href":"https:\/\/www.silda.com\/index.php?rest_route=\/wp\/v2\/pages\/45\/revisions"}],"predecessor-version":[{"id":2403,"href":"https:\/\/www.silda.com\/index.php?rest_route=\/wp\/v2\/pages\/45\/revisions\/2403"}],"up":[{"embeddable":true,"href":"https:\/\/www.silda.com\/index.php?rest_route=\/wp\/v2\/pages\/37"}],"wp:attachment":[{"href":"https:\/\/www.silda.com\/index.php?rest_route=%2Fwp%2Fv2%2Fmedia&parent=45"}],"curies":[{"name":"wp","href":"https:\/\/api.w.org\/{rel}","templated":true}]}}