{"id":37,"date":"2014-01-08T15:18:44","date_gmt":"2014-01-08T14:18:44","guid":{"rendered":"http:\/\/silda.com\/?page_id=37"},"modified":"2025-05-15T22:23:02","modified_gmt":"2025-05-15T20:23:02","slug":"sildas-velforening","status":"publish","type":"page","link":"https:\/\/www.silda.com\/?page_id=37","title":{"rendered":"Silda velforening styret"},"content":{"rendered":"<p>Foreningen for alle som vil bevare Silda som den perlen det er.<br>Foreningen hadde \u00e5rsm\u00f8te i&nbsp; p\u00e5sken 2025.&nbsp; Medlem kan alle bli som st\u00f8ter <a href=\"http:\/\/silda.com\/?page_id=39\">vedtektene,<\/a><a href=\"http:\/\/silda.com\/?page_id=39\"> &nbsp; <\/a><\/p>\n<p>Konstitueringa av&nbsp;<strong> &nbsp;&nbsp;&nbsp;&nbsp;&nbsp;&nbsp; styre for 2025\/26<\/strong><\/p>\n<p>&nbsp;&nbsp;&nbsp;&nbsp;&nbsp;&nbsp;&nbsp;&nbsp;&nbsp;&nbsp; <strong>Styreleder<\/strong> ble Rune Nordpoll<br>&nbsp;&nbsp;&nbsp;&nbsp;&nbsp;&nbsp;&nbsp;&nbsp;&nbsp;&nbsp; <strong>Kasserer<\/strong> Kjell Inge Elde&nbsp;&nbsp;&nbsp;&nbsp;&nbsp;&nbsp;&nbsp;&nbsp;&nbsp;&nbsp;&nbsp;&nbsp;&nbsp;&nbsp;&nbsp;&nbsp; <br>&nbsp;&nbsp;&nbsp;&nbsp;&nbsp;&nbsp;&nbsp;&nbsp;&nbsp;&nbsp; <strong>Sekret\u00e6r<\/strong> Margunn Kvalheim Rae<br>&nbsp;&nbsp;&nbsp;&nbsp;&nbsp;&nbsp;&nbsp;&nbsp;&nbsp;&nbsp; Styremedlemar : Anett Lilleb\u00f8,&nbsp;&nbsp; Jarl Magne Silden<br>&nbsp;&nbsp;&nbsp;&nbsp;&nbsp;&nbsp;&nbsp;&nbsp;&nbsp;&nbsp;&nbsp;&nbsp;&nbsp;&nbsp;&nbsp;&nbsp;&nbsp;&nbsp; Vara: Tore Johansen<br>&nbsp;&nbsp;&nbsp;&nbsp;&nbsp;&nbsp;&nbsp;&nbsp;&nbsp;&nbsp;&nbsp;&nbsp;&nbsp;&nbsp;&nbsp;&nbsp;&nbsp;&nbsp; Vara: Marann Sj\u00e5stad<\/p>\n<p>*****************************************************************************************<\/p>\n<p><strong>Styret er for \u00e5ret 2024\/25<\/strong><\/p>\n<p><span style=\"font-family: Arial, sans-serif;\"><span style=\"font-size: medium;\">&nbsp;&nbsp;&nbsp;&nbsp;&nbsp;&nbsp;&nbsp;&nbsp;&nbsp;&nbsp;&nbsp;&nbsp; Gerda Silden Totland<br><\/span><\/span><span style=\"font-family: Arial, sans-serif;\"><span style=\"font-size: medium;\">&nbsp;&nbsp;&nbsp;&nbsp;&nbsp;&nbsp;&nbsp;&nbsp;&nbsp;&nbsp;&nbsp;&nbsp; Tore Johansen<br>&nbsp;&nbsp;&nbsp;&nbsp;&nbsp;&nbsp;&nbsp;&nbsp;&nbsp;&nbsp;&nbsp; &nbsp;<\/span><\/span><span style=\"font-family: Arial, sans-serif;\"><span style=\"font-size: medium;\"> Ann-Mari Silden&nbsp;&nbsp;&nbsp;&nbsp;&nbsp;&nbsp;&nbsp;&nbsp;&nbsp;&nbsp;&nbsp; vald&nbsp; 23-25<br>&nbsp;&nbsp;&nbsp;&nbsp;&nbsp;&nbsp;&nbsp;&nbsp;&nbsp;&nbsp;&nbsp; &nbsp;<\/span><\/span><span style=\"font-family: Arial, sans-serif;\"><span style=\"font-size: medium;\"> Margun Kvalheim Rae&nbsp; vald&nbsp; 23-25<br>&nbsp;&nbsp;&nbsp;&nbsp;&nbsp;&nbsp;&nbsp;&nbsp;&nbsp;&nbsp;&nbsp;&nbsp;&nbsp; <\/span><\/span><span style=\"font-family: Arial, sans-serif;\"><span style=\"font-size: medium;\">Kjell Inge Elde&nbsp;&nbsp;&nbsp;&nbsp;&nbsp;&nbsp; &nbsp; &nbsp; &nbsp; &nbsp; vald &nbsp; 24-26&nbsp;<\/span><\/span><\/p>\n<p><span style=\"font-family: Arial, sans-serif;\"><span style=\"font-size: medium;\">&nbsp; &nbsp; &nbsp; &nbsp; &nbsp; &nbsp; &nbsp;&nbsp;<\/span><\/span><span style=\"font-family: Arial, sans-serif;\"><span style=\"font-size: medium;\"><strong> Varamedlemer:&nbsp; <\/strong>&nbsp;&nbsp; <\/span><\/span><span style=\"font-family: Arial, sans-serif;\"><span style=\"font-size: medium;\"> Jarl Magne Silden,&nbsp; &nbsp;&nbsp;&nbsp;&nbsp;&nbsp; <\/span><\/span>R<span style=\"font-family: Arial, sans-serif; white-space: pre-wrap;\"><span style=\"font-size: medium;\">une Nordpoll<\/span><\/span><\/p>\n<p><strong>Vedtekter \u00a7 6<\/strong><\/p>\n<p>Styrets representanter velges for 2 \u00e5r. Varamedlemmer velges hvert \u00e5r.<br>For \u00e5 sikre kontinuitet i styret skal minst 1\/3 av styret v\u00e6re p\u00e5 valg p\u00e5 hvert \u00e5rsm\u00f8te. Om n\u00f8dvendig trekkes lodd for \u00e5 sikre at dette oppn\u00e5s.<br>Styret konstituerer seg selv.<\/p>\n\n\n<p>******************************************************************************************<br> <strong>Gerda Silden Totland<\/strong>    Styreleiar  skriv 13. sept 2023 p\u00e5 Facebook<br>Til <strong>Medlemmer av Silda Velforening og Venner.<\/strong><br>Det har vore stilt fra oss ei stund, men vi har jobba i kulissane. Det er slett ikkje s\u00e5 enkelt \u00e5 bytte<br>hatter digitalt skal dere vite. Det har dessverre tatt litt tid. Retter ogs\u00e5 ei stor beundring til dei som har<br>ledet omtrent et etterforskningsbyr\u00e5 for \u00e5 f\u00e5 den viktige heimesida Silda.com opp \u00e5 g\u00e5.<br>Der f\u00e5r vi samla p\u00e5 ein ryddig og ordentlig m\u00e5te viktige saker fra Silda. Stor takk til Paul og Olav for<br>ryddejobben som er igang og takk til Kenneth Glesnes som vil v\u00e6re med og hjelpe til med denne<br>viktige heimesida.<br>Det har ogs\u00e5 uten oppfordring blitt gjort dugnad p\u00e5 stien i utmarka. Dette setter vi s\u00e5 stor pris p\u00e5.<br>Tusen takk familien Elde, og til alle dere som tar et tak uten oppfordring. Veit at det er mange som<br>plukker nyskudd av Sitka. Dette er en viktig og en kjempejobb. Vi er ydmykt takknemlige. Silda m\u00e5<br>bare bli vakker etter slike innsatser.<br>Underveis har vi likevel f\u00e5tt til Sommerfest med bes\u00f8k av &laquo;ekte vikinger&raquo;p\u00e5 Silda i nydelig v\u00e6r. Vi<br>var veldig glade for s\u00e5 stort oppm\u00f8te. Foredrag av Anders Gunnar Helle og Andreas Rundereim.<br>Gratis kaffi og kaker i pausen, der folk fikk grille maten sin. Muligheter til \u00e5 bes\u00f8ke bedehuset og sj\u00e5<br>minimuseet. Vikingfrokost p\u00e5 Skj\u00e6rbuda med skattejakt. Der hadde vi ogs\u00e5 et stort oppm\u00f8te. Yoga og<br>coasteering blei avlyst p\u00e5 grunn av for f\u00e5 p\u00e5meldte. \u00d8yglimt st\u00f8tta oss med ekstratur for gjestane.<br>Tusen Hjertelig takk til alle som hjalp oss \u00e5 f\u00e5 til dette arrangementet.<br>I Grendahuset har vi f\u00e5tt opp fleire bilder i regi av Sildadagane 2022. Det er et \u00f8nske om \u00e5 f\u00e5 samlet<br>historie bak kvart bilde, som vi kan f\u00e5 nedtegnet og som kan v\u00e6re tilgjengelig ved utstillinga. Vi setter<br>pris p\u00e5 alle som kan skrive ned historie, for dei bildene dei har noke \u00e5 fortelle om. Leif- Magne har<br>s\u00f8kt etter midler og vi har f\u00e5tt et tilskudd som gjer det mulig \u00e5 sette opp et skur p\u00e5 skuleplassen for<br>oppbevaring. S\u00e5 her folkens kjem det ogs\u00e5 en anledning med fellesprosjekt \u00e5 jobbe i lag med, og med<br>fare for trivselsfaktor<br>For tida jobber vi med \u00e5 ta vare p\u00e5 landskapet p\u00e5 Silda. S\u00e5 vi h\u00e5per p\u00e5 at dei som fortsatt har store tr\u00e6r<br>p\u00e5 sine eiendommer, f\u00e5r kvitta seg med dette raskt. Ellers er vi like langt.<br>Vi har lagt inn bestilling p\u00e5 et aldeles nydelig h\u00f8stv\u00e6r 27-29 oktober og (10-12 nov) Sett av disse<br>datoene, og la Silda bugne av ivrige medhjelpere til \u00e5 svi av fr\u00f8banken p\u00e5 marka etter Sitkagranene.<br>Her skal fr\u00f8ene f\u00e5 fres.<br>Og folket skal ha det kjekt i lag i rehabiliteringa av verdens vakreste \u00f8y i havgapet. Alle kan bidra.<br>Smekke med brannsmekkene, bake, koke, fortelle vitsa, skaffe vatn til t\u00f8rste arbeidere. Her er en plass<br>for alle. N\u00e6rmere informasjon vil komme. Bare sett av datoene no.<br>Vi jobber med det planlagte \u00e5rshjulet som vi \u00f8nsker skal v\u00e6re en plattform som vi raskt kan finne<br>fram til, om kva som skjer og skal skje p\u00e5 Silda. Denne kan vi ogs\u00e5 f\u00e5 lagt inn p\u00e5 Silda.com etterkvart.<br>Skj\u00e6rbuda utarbeider ogs\u00e5 ei heimeside, og \u00f8nsker ogs\u00e5 \u00e5 dele Silda sitt \u00e5rshjul.<br>Vi har vore i kontakt med medlemmer av styret av Silda Grendahus, for et samarbeid av<br>arrangementer og tilbud om \u00e5 v\u00e6re med \u00e5 fylle ut \u00e5rshjulet med sine arrangementer. Vi oppfordrer<br>ogs\u00e5 andre som \u00f8nsker \u00e5 lage arrangementer som er offentlige for alle, \u00e5 tegne seg p\u00e5 denne lista. S\u00e5<br>blir dette oversiktlig og enklere for folk \u00e5 f\u00f8lge med p\u00e5.<br>Om det skulle v\u00e6re fleire som \u00f8nsker \u00e5 tegne medlemskap i Silda Velforening s\u00e5 er medlemsskapen<br>for et \u00e5t 300 kr. Pr.husstand<br><strong>Kontonr: 3790 18 43857 Vipps nr: 79 57 47 Skriv \u00abmedlemsskap\u00bb og navnet ditt og adresse.<\/strong><br>S\u00e5 til slutt, men ikkje minst, vil vi \u00f8nske 3 nye hytteboere i S\u00f8re-Silda Hjertelig Velkommen.<br>H\u00e5per at dere vil trives kjempegodt i nye omgivelser p\u00e5 Silda.<br>Ha en flott h\u00f8st alle<br>september 2023 Vennlig hilsen Styret i Silda Velforening.<\/p>\n","protected":false},"excerpt":{"rendered":"<p>Foreningen for alle som vil bevare Silda som den perlen det er.Foreningen hadde \u00e5rsm\u00f8te i&nbsp; p\u00e5sken 2025.&nbsp; Medlem kan alle bli som st\u00f8ter vedtektene, &nbsp; Konstitueringa av&nbsp; &nbsp;&nbsp;&nbsp;&nbsp;&nbsp;&nbsp; styre for 2025\/26 &nbsp;&nbsp;&nbsp;&nbsp;&nbsp;&nbsp;&nbsp;&nbsp;&nbsp;&nbsp; Styreleder ble Rune Nordpoll&nbsp;&nbsp;&nbsp;&nbsp;&nbsp;&nbsp;&nbsp;&nbsp;&nbsp;&nbsp; Kasserer Kjell Inge Elde&nbsp;&nbsp;&nbsp;&nbsp;&nbsp;&nbsp;&nbsp;&nbsp;&nbsp;&nbsp;&nbsp;&nbsp;&nbsp;&nbsp;&nbsp;&nbsp; &nbsp;&nbsp;&nbsp;&nbsp;&nbsp;&nbsp;&nbsp;&nbsp;&nbsp;&nbsp; Sekret\u00e6r Margunn Kvalheim Rae&nbsp;&nbsp;&nbsp;&nbsp;&nbsp;&nbsp;&nbsp;&nbsp;&nbsp;&nbsp; Styremedlemar : Anett Lilleb\u00f8,&nbsp;&nbsp; Jarl Magne Silden&nbsp;&nbsp;&nbsp;&nbsp;&nbsp;&nbsp;&nbsp;&nbsp;&nbsp;&nbsp;&nbsp;&nbsp;&nbsp;&nbsp;&nbsp;&nbsp;&nbsp;&nbsp; Vara: Tore Johansen&nbsp;&nbsp;&nbsp;&nbsp;&nbsp;&nbsp;&nbsp;&nbsp;&nbsp;&nbsp;&nbsp;&nbsp;&nbsp;&nbsp;&nbsp;&nbsp;&nbsp;&nbsp; [&hellip;]<\/p>\n","protected":false},"author":1,"featured_media":0,"parent":0,"menu_order":3,"comment_status":"closed","ping_status":"closed","template":"","meta":{"ngg_post_thumbnail":0,"footnotes":""},"class_list":["post-37","page","type-page","status-publish","hentry"],"_links":{"self":[{"href":"https:\/\/www.silda.com\/index.php?rest_route=\/wp\/v2\/pages\/37","targetHints":{"allow":["GET"]}}],"collection":[{"href":"https:\/\/www.silda.com\/index.php?rest_route=\/wp\/v2\/pages"}],"about":[{"href":"https:\/\/www.silda.com\/index.php?rest_route=\/wp\/v2\/types\/page"}],"author":[{"embeddable":true,"href":"https:\/\/www.silda.com\/index.php?rest_route=\/wp\/v2\/users\/1"}],"replies":[{"embeddable":true,"href":"https:\/\/www.silda.com\/index.php?rest_route=%2Fwp%2Fv2%2Fcomments&post=37"}],"version-history":[{"count":26,"href":"https:\/\/www.silda.com\/index.php?rest_route=\/wp\/v2\/pages\/37\/revisions"}],"predecessor-version":[{"id":3072,"href":"https:\/\/www.silda.com\/index.php?rest_route=\/wp\/v2\/pages\/37\/revisions\/3072"}],"wp:attachment":[{"href":"https:\/\/www.silda.com\/index.php?rest_route=%2Fwp%2Fv2%2Fmedia&parent=37"}],"curies":[{"name":"wp","href":"https:\/\/api.w.org\/{rel}","templated":true}]}}