{"id":29,"date":"2014-01-08T15:16:07","date_gmt":"2014-01-08T14:16:07","guid":{"rendered":"http:\/\/silda.com\/?page_id=29"},"modified":"2023-04-25T22:51:37","modified_gmt":"2023-04-25T20:51:37","slug":"1700-talet","status":"publish","type":"page","link":"https:\/\/www.silda.com\/?page_id=29","title":{"rendered":"1700-talet"},"content":{"rendered":"<p>Silda var,&nbsp; fram til&nbsp; reformasjonen,&nbsp; kyrkjegods under Selje kloster. At det var kyrkje\/kapell p\u00e5 Silda er godt dokumentert, men kvar denne kyrkja stod er&nbsp; derimot litt usikkert.&nbsp; Lokalt er det &laquo;Skalleneset&raquo;, ved innlaupet til S\u00f8rehamna,&nbsp; som vart kalla &laquo;Kyrkjeneset&raquo;, men Museet i Bergen kome til at&nbsp; <a href=\"_wp_link_placeholder\" data-wplink-edit=\"true\">&laquo;Alfarneset&raquo;<\/a>, n\u00e6rare Nordhamna, var kyrkjeplassen.<\/p>\n<p><span style=\"text-decoration: underline; color: #0000ff;\"><a style=\"color: #0000ff; text-decoration: underline;\" href=\"http:\/\/www.raudebergskule.no\/lokalt\/kapellneset\/sildakyrkja.htm\">SELL\u00d8E CAPELL<\/a>&nbsp;<\/span> finn ein omtala i kyrkjeb\u00f8ker.&nbsp; Kyrkja var truleg eit t\u00f8mmerhus p\u00e5 ca 6 x 8 m og&nbsp; stod p\u00e5 Silda&nbsp; fr\u00e5 1320 &#8211; 1580.&nbsp;&nbsp; D\u00e5 vart kapellet flytta til &laquo;Kapellneset&raquo; p\u00e5 Raudeberg. <a href=\"http:\/\/nrk.no\/sf\/leksikon\/index.php\/Kyrkje_p%C3%A5_Kapellneset\"><span style=\"text-decoration: underline;\"><span style=\"color: #0000ff; text-decoration: underline;\">Sj\u00e5 eigen artikkel.<\/span><\/span><br \/>\n<\/a><br \/>\nI 1530 var biskop Olav Engelbrektson p\u00e5 visitas p\u00e5 Silda. Han s\u00e5g d\u00e5 at kyrkja d\u00e5rleg stand og skreiv dette i visitasrapporten.<\/p>\n<p>Kyrkjestaden p\u00e5 &laquo;Alfarneset&raquo; vart&nbsp; rydda av skuleborna og det vart laga ei markering<em>, som vart avduka i 1980 (sj\u00e5 eigen artikkel)<\/em><\/p>\n<p>&nbsp;<\/p>\n","protected":false},"excerpt":{"rendered":"<p>Silda var,&nbsp; fram til&nbsp; reformasjonen,&nbsp; kyrkjegods under Selje kloster. At det var kyrkje\/kapell p\u00e5 Silda er godt dokumentert, men kvar denne kyrkja stod er&nbsp; derimot litt usikkert.&nbsp; Lokalt er det &laquo;Skalleneset&raquo;, ved innlaupet til S\u00f8rehamna,&nbsp; som vart kalla &laquo;Kyrkjeneset&raquo;, men Museet i Bergen kome til at&nbsp; &laquo;Alfarneset&raquo;, n\u00e6rare Nordhamna, var kyrkjeplassen. SELL\u00d8E CAPELL&nbsp; finn ein [&hellip;]<\/p>\n","protected":false},"author":1,"featured_media":0,"parent":20,"menu_order":3,"comment_status":"closed","ping_status":"closed","template":"","meta":{"ngg_post_thumbnail":0,"footnotes":""},"class_list":["post-29","page","type-page","status-publish","hentry"],"_links":{"self":[{"href":"https:\/\/www.silda.com\/index.php?rest_route=\/wp\/v2\/pages\/29","targetHints":{"allow":["GET"]}}],"collection":[{"href":"https:\/\/www.silda.com\/index.php?rest_route=\/wp\/v2\/pages"}],"about":[{"href":"https:\/\/www.silda.com\/index.php?rest_route=\/wp\/v2\/types\/page"}],"author":[{"embeddable":true,"href":"https:\/\/www.silda.com\/index.php?rest_route=\/wp\/v2\/users\/1"}],"replies":[{"embeddable":true,"href":"https:\/\/www.silda.com\/index.php?rest_route=%2Fwp%2Fv2%2Fcomments&post=29"}],"version-history":[{"count":15,"href":"https:\/\/www.silda.com\/index.php?rest_route=\/wp\/v2\/pages\/29\/revisions"}],"predecessor-version":[{"id":1930,"href":"https:\/\/www.silda.com\/index.php?rest_route=\/wp\/v2\/pages\/29\/revisions\/1930"}],"up":[{"embeddable":true,"href":"https:\/\/www.silda.com\/index.php?rest_route=\/wp\/v2\/pages\/20"}],"wp:attachment":[{"href":"https:\/\/www.silda.com\/index.php?rest_route=%2Fwp%2Fv2%2Fmedia&parent=29"}],"curies":[{"name":"wp","href":"https:\/\/api.w.org\/{rel}","templated":true}]}}