{"id":26,"date":"2014-01-08T15:15:36","date_gmt":"2014-01-08T14:15:36","guid":{"rendered":"http:\/\/silda.com\/?page_id=26"},"modified":"2015-07-05T07:18:18","modified_gmt":"2015-07-05T06:18:18","slug":"middelalder","status":"publish","type":"page","link":"https:\/\/www.silda.com\/?page_id=26","title":{"rendered":"Elevarbeid fr\u00e5 70-talet"},"content":{"rendered":"<p><a href=\"https:\/\/www.silda.com\/wp-content\/uploads\/2014\/04\/Milj\u00f8prosjekt-1973.jpg\"><img loading=\"lazy\" decoding=\"async\" class=\"alignleft\" src=\"https:\/\/www.silda.com\/wp-content\/uploads\/2014\/04\/Milj\u00f8prosjekt-1973-300x226.jpg\" alt=\"Milj\u00f8prosjekt 1973\" width=\"300\" height=\"226\" \/><\/a>Under rydding har &laquo;gamlel\u00e6raren&raquo; funne ein del gruppearbeid fr\u00e5 tida p\u00e5 Silda. Dette produktete\u00a0 &laquo;Vi og v\u00e5rt livs milj\u00f8&raquo; er fr\u00e5 storeskulen 4. &#8211; 7.klasse 1971\/72<\/p>\n<p>Desse er scanna og gjort tilgjengeleg i PDF\u00a0 for dei som \u00f8nskjer \u00e5 sj\u00e5\/lese- trykk p\u00e5 lenka.<\/p>\n<p><a href=\"https:\/\/www.silda.com\/wp-content\/uploads\/2014\/04\/Klasseavis_72-del1.pdf\">Klasseavis_72 del1<\/a><br \/>\n<a href=\"https:\/\/www.silda.com\/wp-content\/uploads\/2014\/04\/Klasseavis_72-del-2.pdf\">Klasseavis_72 del 2<\/a><\/p>\n<p><strong>ADVARSEL:<\/strong>\u00a0 Desse PDF-kopiane er store, med fargebilete.\u00a0 Det krevst god nettilgang\u00a0 ved opning.<\/p>\n<p><a href=\"https:\/\/www.silda.com\/wp-content\/uploads\/2014\/04\/Klasseavis-1972.jpg\"><img loading=\"lazy\" decoding=\"async\" class=\"alignleft\" src=\"https:\/\/www.silda.com\/wp-content\/uploads\/2014\/04\/Klasseavis-1972-300x189.jpg\" alt=\"Klasseavis 1972\" width=\"300\" height=\"189\" \/><\/a>Storeskulen\u00a0 1972\/73 laga avis som vart seld i bygda.<br \/>\nTeikningane var handfarga og ingen av dei 20 kopiane vart like<\/p>\n<p><a href=\"https:\/\/www.silda.com\/wp-content\/uploads\/2014\/04\/Skuleprosjekt_73-del-1.pdf\">Skuleprosjekt_73 del 1<\/a><br \/>\n<a href=\"https:\/\/www.silda.com\/wp-content\/uploads\/2014\/04\/Skuleprosjekt_73-del-2.pdf\">Skuleprosjekt_73 del 2<\/a><\/p>\n","protected":false},"excerpt":{"rendered":"<p>Under rydding har &laquo;gamlel\u00e6raren&raquo; funne ein del gruppearbeid fr\u00e5 tida p\u00e5 Silda. Dette produktete\u00a0 &laquo;Vi og v\u00e5rt livs milj\u00f8&raquo; er fr\u00e5 storeskulen 4. &#8211; 7.klasse 1971\/72 Desse er scanna og gjort tilgjengeleg i PDF\u00a0 for dei som \u00f8nskjer \u00e5 sj\u00e5\/lese- trykk p\u00e5 lenka. Klasseavis_72 del1 Klasseavis_72 del 2 ADVARSEL:\u00a0 Desse PDF-kopiane er store, med fargebilete.\u00a0 [&hellip;]<\/p>\n","protected":false},"author":1,"featured_media":0,"parent":20,"menu_order":2,"comment_status":"closed","ping_status":"closed","template":"","meta":{"ngg_post_thumbnail":0,"footnotes":""},"class_list":["post-26","page","type-page","status-publish","hentry"],"_links":{"self":[{"href":"https:\/\/www.silda.com\/index.php?rest_route=\/wp\/v2\/pages\/26","targetHints":{"allow":["GET"]}}],"collection":[{"href":"https:\/\/www.silda.com\/index.php?rest_route=\/wp\/v2\/pages"}],"about":[{"href":"https:\/\/www.silda.com\/index.php?rest_route=\/wp\/v2\/types\/page"}],"author":[{"embeddable":true,"href":"https:\/\/www.silda.com\/index.php?rest_route=\/wp\/v2\/users\/1"}],"replies":[{"embeddable":true,"href":"https:\/\/www.silda.com\/index.php?rest_route=%2Fwp%2Fv2%2Fcomments&post=26"}],"version-history":[{"count":10,"href":"https:\/\/www.silda.com\/index.php?rest_route=\/wp\/v2\/pages\/26\/revisions"}],"predecessor-version":[{"id":1109,"href":"https:\/\/www.silda.com\/index.php?rest_route=\/wp\/v2\/pages\/26\/revisions\/1109"}],"up":[{"embeddable":true,"href":"https:\/\/www.silda.com\/index.php?rest_route=\/wp\/v2\/pages\/20"}],"wp:attachment":[{"href":"https:\/\/www.silda.com\/index.php?rest_route=%2Fwp%2Fv2%2Fmedia&parent=26"}],"curies":[{"name":"wp","href":"https:\/\/api.w.org\/{rel}","templated":true}]}}