{"id":2431,"date":"2024-01-29T06:41:14","date_gmt":"2024-01-29T05:41:14","guid":{"rendered":"https:\/\/www.silda.com\/?page_id=2431"},"modified":"2024-01-29T22:22:42","modified_gmt":"2024-01-29T21:22:42","slug":"silda-vassverk-oppgradering-2023","status":"publish","type":"page","link":"https:\/\/www.silda.com\/?page_id=2431","title":{"rendered":"Oppgradering 2023"},"content":{"rendered":"\n<p><strong>Ombygging for \u00e5  auke reinsekapasiteten<\/strong><\/p>\n\n\n\n<p>Dei to trufaste tilsynsmenn &#8211; Helge og Alfred Silden- har over tid halde tilsyn og utf\u00f8rt vedlikehald p\u00e5 Silda vassverk. Det vellukka reinseanlegg har no vore i drift sidan 2016 og fungert godt, mykje grunna desse karane sitt trufaste tilsyn. <br>Over tid har dei gjort mange fors\u00f8k \u00e5 \u00e5 gjere tilsynet enklare og meir effektivt.<br>Reinseanlegget har  to stort sandfilter, som skal spylast for humus(jord-partikklar), noko som kan gjerast automatisk. Ofte har dette teke lang tid, grunna liten vasstilstr\u00f8yming og lite trykk, fordi anlegget var kopla til nederste bassenget.  Dette har vore eit problem s\u00e6rleg om sommarane med mykje folk. D\u00e5 har spylinga blitt  gjort p\u00e5 natta for \u00e5 unng\u00e5 fall p\u00e5 vasstrykket hos abonnentane.<br>16. september 2023 oppdaga eg at karane var p\u00e5 veg til reinseanlegget.  Dei to hadde d\u00e5 ein plan for \u00e5 f\u00e5 auka trykk og unng\u00e5 vassmangel for dei h\u00f8gstliggande abonnentane.<\/p>\n\n\n<div class=\"wp-block-image is-style-rounded\">\n<figure class=\"alignright size-large is-resized\"><a href=\"https:\/\/www.silda.com\/wp-content\/uploads\/2023\/10\/23-kopling-scaled.jpg\"><img loading=\"lazy\" decoding=\"async\" width=\"1024\" height=\"768\" src=\"https:\/\/www.silda.com\/wp-content\/uploads\/2023\/10\/23-kopling-1024x768.jpg\" alt=\"\" class=\"wp-image-2266\" style=\"object-fit:cover;width:377px;height:283px\" srcset=\"https:\/\/www.silda.com\/wp-content\/uploads\/2023\/10\/23-kopling-1024x768.jpg 1024w, https:\/\/www.silda.com\/wp-content\/uploads\/2023\/10\/23-kopling-300x225.jpg 300w, https:\/\/www.silda.com\/wp-content\/uploads\/2023\/10\/23-kopling-768x576.jpg 768w, https:\/\/www.silda.com\/wp-content\/uploads\/2023\/10\/23-kopling-1536x1152.jpg 1536w, https:\/\/www.silda.com\/wp-content\/uploads\/2023\/10\/23-kopling-2048x1536.jpg 2048w\" sizes=\"auto, (max-width: 1024px) 100vw, 1024px\" \/><\/a><\/figure><\/div>\n\n\n<p>Planen var <br>1. Nedtrapping av nederst basseng, starta  dagen f\u00f8r.<br>2. Kople saman r\u00f8yra fr\u00e5 toppbasseng, med r\u00f8ya til reinseanlegget.<br>3. F\u00e5 trykk fr\u00e5 toppbassenget -direkte til reinseanlegget.<br><br>Anlegget har  to stort sandfilter, som skal spylast for humus(jord-partikklar) som kan gjerast automatisk. men ofte har dette teke lang tid, grunna lite vasstilstr\u00f8yming og svakt trykk, fordi anlegget var kopla til nesderste bassenget. Denne dagen i september var nok opphaldsver menmed jamt tilsig i nederste bassenget. Karane kjempa med vasstilsiget, sveita p\u00e5 og  plagast hordeleg med \u00e5 f\u00e5 p\u00e5 plass sk\u00f8yten som seinare skal ligge under vatn.  <br>Vatnet steig og steig og eg tok til \u00e5 tru at dette vill ende d\u00e5rleg. Etter 3 rimar returnerte eg til middag, og karane stod p\u00e5 for \u00e5 f\u00e5 p\u00e5 plass sk\u00f8yten. Etter mykje problem fekk karane sk\u00f8ytt saman r\u00f8yra, men d\u00e5 skulle dei nok hatt v\u00e5tdrakt.<br>TIL SLUTT  LUKKAST DET   Som observat\u00f8r vil eg seie <strong>Hurra, for innsatsen.<\/strong><\/p>\n\n\n\n<p>Silda vassverk er eit godt eksempel p\u00e5 kva eit fellesskap kan f\u00e5 til &#8211;med drivande leiarar.<br>No kan spylinga g\u00e5 effektivt og  raskt.   Resultar:<br>&#8211; Sparing p\u00e5 tilsetting av salt \u2013 redusert driftskostnad<br>&#8211; Mindre forbruk av UV-r\u00f8yr \u2013 redusert driftskostnad<br>&#8211; Vatn fr\u00e5 det vesle nederste bassenget kan, ved turke, pumpast opp i toppbaseenget.<\/p>\n\n\n\n<p>Silda vassverk leverer vasspr\u00f8ver 2 gonga om \u00e5ret og har til no ikkje f\u00e5tt p\u00e5vist kolibakteriar.<br><strong>Som kj\u00f8par av vatn vil eg gratulere karane med flott arbeid<\/strong>, Eg vedg\u00e5r gjerne at eg ikkje hadde tru p\u00e5 at det kunne bli eit reinseanlegg p\u00e5 Silda &#8211;som kunne fungere. Eg kjende til mange stadar der har dei har pr\u00f8vd med sm\u00e5 anlegg med mykje plage og d\u00e5rleg resultat. <strong>No har Silda Vassverk  fungert i 7 \u00e5r <\/strong><\/p>\n\n\n\n<p><\/p>\n\n\n\n<figure class=\"wp-block-image size-large is-resized is-style-rounded\"><a href=\"https:\/\/www.silda.com\/wp-content\/uploads\/2023\/10\/23-nesten-tomt-scaled.jpg\"><img loading=\"lazy\" decoding=\"async\" width=\"1024\" height=\"768\" src=\"https:\/\/www.silda.com\/wp-content\/uploads\/2023\/10\/23-nesten-tomt-1024x768.jpg\" alt=\"\" class=\"wp-image-2264\" style=\"object-fit:cover;width:480px;height:360px\" srcset=\"https:\/\/www.silda.com\/wp-content\/uploads\/2023\/10\/23-nesten-tomt-1024x768.jpg 1024w, https:\/\/www.silda.com\/wp-content\/uploads\/2023\/10\/23-nesten-tomt-300x225.jpg 300w, https:\/\/www.silda.com\/wp-content\/uploads\/2023\/10\/23-nesten-tomt-768x576.jpg 768w, https:\/\/www.silda.com\/wp-content\/uploads\/2023\/10\/23-nesten-tomt-1536x1152.jpg 1536w, https:\/\/www.silda.com\/wp-content\/uploads\/2023\/10\/23-nesten-tomt-2048x1536.jpg 2048w\" sizes=\"auto, (max-width: 1024px) 100vw, 1024px\" \/><\/a><\/figure>\n","protected":false},"excerpt":{"rendered":"<p>Ombygging for \u00e5 auke reinsekapasiteten Dei to trufaste tilsynsmenn &#8211; Helge og Alfred Silden- har over tid halde tilsyn og utf\u00f8rt vedlikehald p\u00e5 Silda vassverk. Det vellukka reinseanlegg har no vore i drift sidan 2016 og fungert godt, mykje grunna desse karane sitt trufaste tilsyn. Over tid har dei gjort mange fors\u00f8k \u00e5 \u00e5 gjere [&hellip;]<\/p>\n","protected":false},"author":12,"featured_media":0,"parent":0,"menu_order":0,"comment_status":"closed","ping_status":"closed","template":"","meta":{"ngg_post_thumbnail":0,"footnotes":""},"class_list":["post-2431","page","type-page","status-publish","hentry"],"_links":{"self":[{"href":"https:\/\/www.silda.com\/index.php?rest_route=\/wp\/v2\/pages\/2431","targetHints":{"allow":["GET"]}}],"collection":[{"href":"https:\/\/www.silda.com\/index.php?rest_route=\/wp\/v2\/pages"}],"about":[{"href":"https:\/\/www.silda.com\/index.php?rest_route=\/wp\/v2\/types\/page"}],"author":[{"embeddable":true,"href":"https:\/\/www.silda.com\/index.php?rest_route=\/wp\/v2\/users\/12"}],"replies":[{"embeddable":true,"href":"https:\/\/www.silda.com\/index.php?rest_route=%2Fwp%2Fv2%2Fcomments&post=2431"}],"version-history":[{"count":3,"href":"https:\/\/www.silda.com\/index.php?rest_route=\/wp\/v2\/pages\/2431\/revisions"}],"predecessor-version":[{"id":2442,"href":"https:\/\/www.silda.com\/index.php?rest_route=\/wp\/v2\/pages\/2431\/revisions\/2442"}],"wp:attachment":[{"href":"https:\/\/www.silda.com\/index.php?rest_route=%2Fwp%2Fv2%2Fmedia&parent=2431"}],"curies":[{"name":"wp","href":"https:\/\/api.w.org\/{rel}","templated":true}]}}