{"id":16,"date":"2014-01-08T15:10:10","date_gmt":"2014-01-08T14:10:10","guid":{"rendered":"http:\/\/silda.com\/?page_id=16"},"modified":"2015-07-03T15:54:03","modified_gmt":"2015-07-03T14:54:03","slug":"aktiviteter-pa-oya","status":"publish","type":"page","link":"https:\/\/www.silda.com\/?page_id=16","title":{"rendered":"Aktiviteter"},"content":{"rendered":"<p><strong>P\u00e5\u00a0\u00a0 Silda er det opparbeidet flere godt merkete\u00a0 stier.<\/strong><\/p>\n<p><strong><span style=\"text-decoration: underline;\">Silda rundt<\/span><\/strong> er p\u00e5 1,5 km. Turen er\u00a0 middels vanskelig med sm\u00e5 hindringer. Deler av stien kan v\u00e6re litt v\u00e5t<br \/>\nUnderveis\u00a0 kan\u00a0 man gj\u00f8re en omvei til Djupev\u00e5gen og g\u00e5 videre tilbake til hovedstien.<br \/>\nP\u00e5 berga i Djupev\u00e5gen er det fin plass for stangfiske.<br \/>\n<span style=\"text-decoration: underline;\"><strong>Gulvika fiskeplass<\/strong><\/span>. P\u00e5 nordvest sida av Silda\u00a0 er det\u00a0 ogs\u00e5 merket avstikker til fiskeplass.<\/p>\n<p><strong><span style=\"text-decoration: underline;\">Jonshaugen rundt<\/span><\/strong> er en lett tur p\u00e5 ca 0,6 m\u00a0 er ogs\u00e5 veg til\u00a0 Nordre Molo<\/p>\n<p>Alle stiane startar (er merka) fra hovedkaia. G\u00e5 opp bakken mot NordSilda.<\/p>\n<p>&nbsp;<\/p>\n<p><strong>\u00a0&laquo;Sj\u00e6rbuda restaurant&raquo;<\/strong><br \/>\nRestauranten, med sjenkel\u00f8yve og matservering,\u00a0 er \u00e5pen hver helg i mai og august. I juli er den \u00e5pen hver dag. Se egen<a href=\"https:\/\/www.facebook.com\/events\/393287450813742\/\"> Facebook-side.<\/a><\/p>\n<p>&nbsp;<\/p>\n<p><strong>Grendahuset, <\/strong> (den gamle skolen) som ligger i hamneomr\u00e5det,\u00a0 gir mulighet til dusjing\u00a0 og vasking av kl\u00e6r mot betaling.<\/p>\n","protected":false},"excerpt":{"rendered":"<p>P\u00e5\u00a0\u00a0 Silda er det opparbeidet flere godt merkete\u00a0 stier. Silda rundt er p\u00e5 1,5 km. Turen er\u00a0 middels vanskelig med sm\u00e5 hindringer. Deler av stien kan v\u00e6re litt v\u00e5t Underveis\u00a0 kan\u00a0 man gj\u00f8re en omvei til Djupev\u00e5gen og g\u00e5 videre tilbake til hovedstien. P\u00e5 berga i Djupev\u00e5gen er det fin plass for stangfiske. Gulvika fiskeplass. [&hellip;]<\/p>\n","protected":false},"author":1,"featured_media":0,"parent":8,"menu_order":4,"comment_status":"closed","ping_status":"closed","template":"","meta":{"ngg_post_thumbnail":0,"footnotes":""},"class_list":["post-16","page","type-page","status-publish","hentry"],"_links":{"self":[{"href":"https:\/\/www.silda.com\/index.php?rest_route=\/wp\/v2\/pages\/16","targetHints":{"allow":["GET"]}}],"collection":[{"href":"https:\/\/www.silda.com\/index.php?rest_route=\/wp\/v2\/pages"}],"about":[{"href":"https:\/\/www.silda.com\/index.php?rest_route=\/wp\/v2\/types\/page"}],"author":[{"embeddable":true,"href":"https:\/\/www.silda.com\/index.php?rest_route=\/wp\/v2\/users\/1"}],"replies":[{"embeddable":true,"href":"https:\/\/www.silda.com\/index.php?rest_route=%2Fwp%2Fv2%2Fcomments&post=16"}],"version-history":[{"count":5,"href":"https:\/\/www.silda.com\/index.php?rest_route=\/wp\/v2\/pages\/16\/revisions"}],"predecessor-version":[{"id":852,"href":"https:\/\/www.silda.com\/index.php?rest_route=\/wp\/v2\/pages\/16\/revisions\/852"}],"up":[{"embeddable":true,"href":"https:\/\/www.silda.com\/index.php?rest_route=\/wp\/v2\/pages\/8"}],"wp:attachment":[{"href":"https:\/\/www.silda.com\/index.php?rest_route=%2Fwp%2Fv2%2Fmedia&parent=16"}],"curies":[{"name":"wp","href":"https:\/\/api.w.org\/{rel}","templated":true}]}}