{"id":1217,"date":"2015-07-26T20:08:21","date_gmt":"2015-07-26T19:08:21","guid":{"rendered":"http:\/\/silda.com\/?page_id=1217"},"modified":"2025-04-30T17:51:12","modified_gmt":"2025-04-30T15:51:12","slug":"referat-fra-interimsstyret","status":"publish","type":"page","link":"https:\/\/www.silda.com\/?page_id=1217","title":{"rendered":"Referat Silda vassverk 2024"},"content":{"rendered":"<p><strong>Under denne fana vil de finne informasjon om laget sitt arbeid for&nbsp; godkjend vasslevering p\u00e5 Silda.<\/strong><\/p>\n<p>&nbsp;<\/p>\n<h2>Referat fra generalforsamling Langfredag 29. mars 2024<\/h2>\n<p lang=\"nb-NO\">&nbsp;<\/p>\n\n\n<\/p>\nSaksliste: 1.&nbsp;Valg av m\u00f8teleder, referent og valgnemnd.\n2.&nbsp;&nbsp;Ledningsnett plan for vedlikehold, utbedringer etc.\n3.&nbsp;&nbsp;&nbsp;\u00d8konomi: Regnskap 2023, \u00e5rsavgift 2024\n4.&nbsp;&nbsp;&nbsp;&nbsp;Evt og innkomne saker.\nStyret ved styreleder Helge \u00f8nsker velkommen til ordin\u00e6re generalforsamling, p\u00e5 Silda Skule\/Grendahus P\u00e5 en hektisk m\u00f8tedag m\u00f8tte det 21 medlemmer med 19 st. laget har pr. 1.jan 2024 42 bueininger + 3 naust. Styret var fulltallig representert: Helge Silden, Merete Wik Silden og Alfred Silden\n<p lang=\"nb-NO\">\n\n\n\n<ol class=\"wp-block-list\">\n<li><strong>Valg av m\u00f8teleder, referent og valgnemd.<\/strong> F\u00f8lgende ble enstemmig vedtatt: Helges som m\u00f8teleder, Merete som referent. Valgnemnd; Monica Silden Christensen er valgnemnd. <strong>Valg:<\/strong> Valgnemnda ved Monica har innstilt Robert Silden Totland som nytt styremedlem. Enstemnig vedtatt. Kjell Inge Elde er av styret foresl\u00e5tt som nytt styremedlem. Helge utg\u00e5r da formelt som styremedlem, men deltar som f\u00f8r, og blir avtroppende og bidrar med kompetanseoverf\u00f8ring de neste \u00e5r. 2 nye styremedlemmer er dermed valgt enstemmig: . Kjell Inge Elde og Robert S Totland. Dette er kjempeflott og noe vi har \u00f8nsket oss lenge for \u00e5 sikre kontinuitet i \u00e5rene fremover.<\/li>\n\n\n\n<li><strong>&nbsp; Ledningsnett plan for vedlikehold, utbedringer etc.<\/strong> Helge orienterte om siste drifts\u00e5r: Planlagt aktivitet er gjennomf\u00f8rt: Tiltak for \u00e5 \u00f8ke vannmengde fra basseng ned til renseanlegg er gjennomf\u00f8rt av Helge og Alfred. Bassenget er tappet ned, r\u00f8rene er funnet og koblet sammen. Et 4 toms r\u00f8r har erstattet et 2 toms og dette vil ca dobler kapasitet i forhold vannmengde, slik at det blir jevnere trykk for alle. <strong>\u00abKlaveaksjonen\u00bb<\/strong> har hjulpet. Abbonenter har byttet klaver og vi har f\u00e5tt betydelig mindre lekkasjer. Det er fortsatt 6\/\/ abb som har gamle klaver som sannsynlig er rustet. Abbonenter oppfordres til \u00e5 fortsatt leite etter og erstatte gamle klaver. Dette er viktig. Det er ogs\u00e5 viktig med frostsikring for \u00e5 unng\u00e5 skader og lekkasjer om vinteren. H\u00e5pet er at det skal bli mindre arbeid p\u00e5 drift. Lekkasjer bidrar til \u00f8kte kostnader generelt \u2013 ogs\u00e5 med hensyn til vannpr\u00f8ver. Boenheter som har koblet seg av m\u00e5 ogs\u00e5 sikre sin tilkobling selv om denne er stengt. Vi \u00f8nsker tilbakemelding fra de ogs\u00e5. <strong>Fremtidig vedlikehold og utbedring:<\/strong> * Kontroll\/ bytte av lufteventil p\u00e5 \u00f8verste linje * Ny filtermasse skal byttes i selve renseanlegget. Dette er en planlagt aktivitet og vi har satt av midler i 8 \u00e5r. Pettersen kommer i april, og jobben vil ta et par dager. Det vil da komme kokevars * Forslag til investering: P\u00e5 sikt b\u00f8r det investeres i vannm\u00e5ler p\u00e5 anlegget.<\/li>\n<\/ol>\n\n\n\n<p><\/p>\n\n\n<p><strong>Budsjett for 2024<\/strong> Inntekter Evnt. tilknyting i 2024 Kr. 15.000 Abonnentavgift &#8216;a kr 3.000 kr 129.000 <br \/>Naust &#8216;a kr 1000 kr. 3.000<\/p>\n<p>Ref: Merete Wiik Silden<\/p>\n<p lang=\"nb-NO\">&nbsp;<\/p>\n\n\n<figure class=\"wp-block-image size-full is-resized\"><a href=\"https:\/\/www.silda.com\/wp-content\/uploads\/2024\/05\/24-Arsmotedeltakarane-SiVas.jpg\"><img loading=\"lazy\" decoding=\"async\" width=\"784\" height=\"473\" src=\"https:\/\/www.silda.com\/wp-content\/uploads\/2024\/05\/24-Arsmotedeltakarane-SiVas.jpg\" alt=\"\" class=\"wp-image-2667\" style=\"width:840px;height:auto\" srcset=\"https:\/\/www.silda.com\/wp-content\/uploads\/2024\/05\/24-Arsmotedeltakarane-SiVas.jpg 784w, https:\/\/www.silda.com\/wp-content\/uploads\/2024\/05\/24-Arsmotedeltakarane-SiVas-300x181.jpg 300w, https:\/\/www.silda.com\/wp-content\/uploads\/2024\/05\/24-Arsmotedeltakarane-SiVas-768x463.jpg 768w\" sizes=\"auto, (max-width: 784px) 100vw, 784px\" \/><\/a><\/figure>\n\n\n\n<p>\u00c5rsm\u00f8tedeltakarar 2024 + 3 som ikkje vise p\u00e5 biletet.<\/p>\n\n\n\n<p><\/p>\n\n\n<p>********************************2022*****************************<br \/>PDF-dok, til nedlasting <a href=\"https:\/\/www.silda.com\/wp-content\/uploads\/2024\/04\/22-Arsmelding.pdf\" target=\"_blank\" rel=\"noreferrer noopener\">Referat fr\u00e5 Generalforsamling 2022<\/a><\/p>\n<p>********************************2017*****************************<br \/>PDF-dok for utskrift: <a href=\"https:\/\/www.silda.com\/wp-content\/uploads\/2017\/04\/\u00c5rsm\u00f8te-ref2017-1.pdf\">Referat generalforsamling 2017&nbsp;&nbsp;<\/a><br \/><a href=\"https:\/\/www.silda.com\/wp-content\/uploads\/2017\/05\/SVa-abb.-17.pdf\"> Medlemar i Silda Vassverk 2017<\/a><\/p>\n<p>*******************************2016*******************************<br \/><strong>Styre for etablerigs\u00e5ret:<\/strong><br \/>Helge Silden, Alfred Silden, Meret Wik Silden;&nbsp; vara: Herman Silden.<br \/>PDF-dok for utskrift: <a href=\"https:\/\/www.silda.com\/wp-content\/uploads\/2017\/04\/Generalforsamling-2016.pdf\">Referat fr\u00e5 \u00c5rsm\u00f8tet 2016<\/a><\/p>\n<p lang=\"nb-NO\"><b><\/b><span style=\"font-family: Cambria;\"><span style=\"font-size: medium;\"><strong><span style=\"text-decoration: underline;\">Referat fra generalforsamling p\u00e5 Silda Skule &#8211;<\/span><\/strong>Langfredag 25.03. 2016, kl. 12.30<\/span><\/span><\/p>\n<p class=\"western\" lang=\"nb-NO\"><span style=\"font-family: Cambria;\">24 m\u00f8tte opp.<br \/>Referent. Merete Wik Silden<\/span><\/p>\n<p><strong><span style=\"font-family: Cambria;\"><span style=\"font-size: medium;\">1. Informasjon om plan videre med Silda Vassverk og dialog med mattilsynet. <\/span><\/span><\/strong><\/p>\n<p class=\"western\" lang=\"nb-NO\"><span style=\"font-family: Cambria;\"><span style=\"font-size: medium;\">Interimstyret ved Helge Silden informerte om arbeidet som er gjort sidan Mattilsynet sitt krav om dagmulkt f\u00f8rte til &laquo;krisem\u00f8te&raquo; sommeren 2015. Det vart da satt opp et Interimstyre for videre dialog og plan for rensing av vatn da Silda Vassverk mangla reelt styre. Helge informerte om at Interimstyret har oppretta dialog med mattilsynet, forel\u00f8big plan er formidla og at ny frist fra mattilsynet er satt til 30 april 2016. &nbsp;<\/span><\/span><span style=\"font-family: Cambria;\"><span style=\"font-size: medium;\">Informasjon om plan videre med Silda Vassverk og dialog med mattilsynet fremkommer etter punkt 4,5,6,7 i saksliste under.<\/span><\/span><\/p>\n<p class=\"western\" lang=\"nb-NO\"><span style=\"font-family: Cambria;\">2. <\/span><span style=\"font-family: Cambria;\"><b>Valg av m\u00f8teleder og referent:<\/b><\/span><\/p>\n<p class=\"western\" lang=\"nb-NO\"><span style=\"font-family: Cambria;\">Helge Silden ble valgt som m\u00f8teleder. Merete Wik Silden ble valgt som referent.<\/span><\/p>\n<p class=\"western\" lang=\"nb-NO\"><span style=\"font-family: Cambria;\"><b>3. Valg av nytt styre:<\/b><\/span><\/p>\n<p class=\"western\" lang=\"nb-NO\"><span style=\"font-family: Cambria;\">Benkeforslag at interimstyret fortsetter &#8211; dvs g\u00e5r over til Styre. Dette ble enstemmig vedtatt.<br \/>Helge Silden, Alfred Silden og&nbsp; Merete Wik Silden fortsetter i to \u00e5r, og Herman Silden ble valgt inn som vara. <\/span><\/p>\n<p class=\"western\" lang=\"nb-NO\"><span style=\"font-family: Cambria;\"><b>5 Forslag til, samt vedtak av vedtekter:<\/b><\/span><\/p>\n<p class=\"western\" lang=\"nb-NO\"><span style=\"font-family: Cambria;\">Forslag utarbeidet av interimstyret ble enstemmig vedtatt uten endringer. <\/span><\/p>\n<p class=\"western\" lang=\"nb-NO\"><span style=\"font-family: Cambria;\">4<\/span><span style=\"font-family: Cambria;\"><b>. Forslag om \u00e5 registrere Silda vassverk i Br\u00f8nn\u00f8ysundregister med SA som selskapsform:<\/b><\/span><span style=\"font-family: Cambria;\"><br \/>Enstemmig vedtatt.<\/span><\/p>\n<p class=\"western\" lang=\"nb-NO\"><span style=\"font-family: Cambria;\"><b>6. Forslag til investering i foresl\u00e5tt renseanlegg fra Norsk Vannbehandling AS:<br \/><\/b><\/span><span style=\"font-family: Cambria;\">Dette tilbudet er m\u00e5lt opp mot 4 andre akt\u00f8rer. I tillegg vil Fred Silden sjekke om han kan levere renseanlegg til konkurrerende pris. Enstemmig vedtatt \u00e5 g\u00e5 for tilbud fra Norsk Vannbehandling s\u00e5fremt dette er det rimeligste. Mattilsynets sp\u00f8rsm\u00e5l\/krav til renseanlegget er alle skriftlig besvart av Norsk Vannbehandling AS.<\/span><\/p>\n<p class=\"western\" lang=\"nb-NO\"><span style=\"font-family: Cambria;\">Plan videre er \u00e5 sette opp vannfilteret og pumpehus p\u00e5 felles utmark nedenfor vassverket. Dette er klargjort og i orden med n\u00e6rmeste naboer, <\/span><\/p>\n<p class=\"western\" lang=\"nb-NO\"><span style=\"font-family: Cambria;\">7. <\/span><span style=\"font-family: Cambria;\"><b>Forslag til driftsansvarlig for vassverket:<\/b><\/span><br \/><span style=\"font-family: Cambria;\">Driftsansvarlig sin oppgave er \u00e5 drifte anlegget etter dette har kommet opp.<br \/><\/span><span style=\"font-family: Cambria;\">Alfred Silden ble foresl\u00e5tt som driftsansvarlig.<br \/><strong>Enstemmig vedtatt.<\/strong><br \/><\/span><\/p>\n<p class=\"western\" lang=\"nb-NO\"><span style=\"font-family: Cambria;\"><span style=\"text-decoration: underline;\">Forslag fra styret<\/span>: I arbeid med \u00e5 tilrettelegge arbeid &#8211; lage fundament til pumpehus mm.: Arbeid betales med kr 250,. per time. Alfred Silden og Herman Silden foresl\u00e5s som arbeidsformenn til dette, og de tilkytter seg n\u00f8dvendige ressurser.<br \/><strong>Enstemmig vedtatt<\/strong>.<\/span><\/p>\n<p class=\"western\" lang=\"nb-NO\"><span style=\"font-family: Cambria;\">N\u00f8dvendig dugnadsarbeid for\u00f8vrig &#8211; eksempel med arbeid p\u00e5 hovedledning betales med kr. 250,- per time.<br \/><span style=\"font-family: Cambria;\"><strong>Enstemmig vedtatt<\/strong>.<\/span>.<\/span><\/p>\n<p class=\"western\" lang=\"nb-NO\"><span style=\"font-family: Cambria;\"><b>8. \u00d8konomi for 2016, samt fastsetting \u00e5rsavgift<\/b><\/span><span style=\"font-family: Cambria;\">.<br \/><\/span><\/p>\n<p class=\"western\" lang=\"nb-NO\"><strong><span style=\"font-family: Cambria;\">Forslag iht innkalling vedtatt enstemmig.<\/span><\/strong><\/p>\n<p class=\"western\" lang=\"nb-NO\"><span style=\"font-family: Cambria;\">Under pkt \u00f8konomi: Tillegg til budsjett: Diskusjon vedr sikring av overforbruk &#8211; eks ved ledningsbrudd. Innkj\u00f8p av forbruksm\u00e5ler vil gi indikasjon ved varsling til driftsansvarlig.<\/span><\/p>\n<p class=\"western\" lang=\"nb-NO\"><span style=\"font-family: Cambria;\">Avslutning og innsamling av flere emailadresser.&nbsp; Alle medlemer vert oppfordret til \u00e5 sende e-postadr. til <\/span><\/p>\n<p class=\"western\" lang=\"nb-NO\"><span style=\"font-family: Cambria;\">Helge Silden &nbsp; helge@seacon.no<\/span><b> <\/b><\/p>\n<p class=\"western\" lang=\"nb-NO\">*********************************************************<\/p>\n<p class=\"western\" lang=\"nb-NO\"><span style=\"font-family: Cambria;\"><u><b>Kommentar p\u00e5f\u00f8rt i etterkant<\/b><\/u><\/span><span style=\"font-family: Cambria;\">.: <\/span><\/p>\n<p class=\"western\" lang=\"nb-NO\"><span style=\"font-family: Cambria;\">Den 29.03.2016 &#8211; ble f\u00f8rste spadetak tatt av Alfred, Herman og Frank<\/span><\/p>\n<p>******************&nbsp; 2015 **************<\/p>\n<p><a name=\"_GoBack\"><\/a> <strong>22.juli<\/strong>. Tilstede: Alfred Silden, Helge Silden, Merete Wik Silden.<\/p>\n<p>Etter informasjonsm\u00f8tet om vatn p\u00e5 Silda var det stor tilslutning i iblandt framm\u00f8tte \u00e5 f\u00f8lge alt 3 som medf\u00f8rer rensing av eksisterende vannkilde.<\/p>\n<p><span style=\"text-decoration: underline;\">I tema eksisterende vassverk evt stifte nytt vassverk<\/span>: I m\u00f8tet var det stilt sp\u00f8rsm\u00e5l ang\u00e5ende gjeldende rettigheter til eksisterende ledningsnett\/ vannkilder og til penger p\u00e5 konto. I denne forbindelse har Interim-styret funnet det mest hensiktsmessig \u00e5 fortsette vassverket med de vedtekter som ligger, eventuelt med tilpasninger fra \u00e5rsm\u00f8tet\/generalforsamlingen. Interim-styret vil kalle inn alle abonnenter i forkant \u00e5rsm\u00f8te\/generalforsamling. Innkallinga vil inneholde estimat for kostnader for tilkobling, en grovskisse for oppstart og vi vil be abonnenter \u00e5 vurdere om de \u00f8nsker \u00e5 fortsatt v\u00e6re tilknyttet eller om de \u00f8nsker \u00e5 koble seg av Silda Vassverk.<br \/><span style=\"text-decoration: underline;\">F\u00f8lgende unders\u00f8keser vil ogs\u00e5 bli gjort<\/span> av Interimstyret i god tid f\u00f8r generalforsamlingen\/\u00e5rsm\u00f8tet :<\/p>\n<ul>\n<li>Unders\u00f8ke med Mattilsynet hvilke forskrifter og krav som gjelder for mindre, private vassverk per dags dato.<\/li>\n<li>Estimert kostnad og utarbeide budsjett for foresl\u00e5tt renseanlegg.<\/li>\n<li>Basert p\u00e5 overslag vil vi foresl\u00e5 engangsasvgift og ny \u00e5rsavgift for abonnementet.<\/li>\n<li>Foresl\u00e5 plan for drift og vedlikehold av Vassverk i fremtiden, herunder godtgj\u00f8relse til driftsansvarlig og godtgj\u00f8relse for dugnadsarbeid p\u00e5 anlegget.<\/li>\n<\/ul>\n<p>Reff: Merete WS<\/p>\n<p>&nbsp;<\/p>\n\n\n<p><\/p>\n","protected":false},"excerpt":{"rendered":"<p>Under denne fana vil de finne informasjon om laget sitt arbeid for&nbsp; godkjend vasslevering p\u00e5 Silda. &nbsp; Referat fra generalforsamling Langfredag 29. mars 2024 &nbsp; Saksliste: 1.&nbsp;Valg av m\u00f8teleder, referent og valgnemnd. 2.&nbsp;&nbsp;Ledningsnett plan for vedlikehold, utbedringer etc. 3.&nbsp;&nbsp;&nbsp;\u00d8konomi: Regnskap 2023, \u00e5rsavgift 2024 4.&nbsp;&nbsp;&nbsp;&nbsp;Evt og innkomne saker. Styret ved styreleder Helge \u00f8nsker velkommen til ordin\u00e6re [&hellip;]<\/p>\n","protected":false},"author":1,"featured_media":0,"parent":0,"menu_order":0,"comment_status":"closed","ping_status":"closed","template":"","meta":{"ngg_post_thumbnail":0,"footnotes":""},"class_list":["post-1217","page","type-page","status-publish","hentry"],"_links":{"self":[{"href":"https:\/\/www.silda.com\/index.php?rest_route=\/wp\/v2\/pages\/1217","targetHints":{"allow":["GET"]}}],"collection":[{"href":"https:\/\/www.silda.com\/index.php?rest_route=\/wp\/v2\/pages"}],"about":[{"href":"https:\/\/www.silda.com\/index.php?rest_route=\/wp\/v2\/types\/page"}],"author":[{"embeddable":true,"href":"https:\/\/www.silda.com\/index.php?rest_route=\/wp\/v2\/users\/1"}],"replies":[{"embeddable":true,"href":"https:\/\/www.silda.com\/index.php?rest_route=%2Fwp%2Fv2%2Fcomments&post=1217"}],"version-history":[{"count":18,"href":"https:\/\/www.silda.com\/index.php?rest_route=\/wp\/v2\/pages\/1217\/revisions"}],"predecessor-version":[{"id":2978,"href":"https:\/\/www.silda.com\/index.php?rest_route=\/wp\/v2\/pages\/1217\/revisions\/2978"}],"wp:attachment":[{"href":"https:\/\/www.silda.com\/index.php?rest_route=%2Fwp%2Fv2%2Fmedia&parent=1217"}],"curies":[{"name":"wp","href":"https:\/\/api.w.org\/{rel}","templated":true}]}}