{"id":1161,"date":"2015-07-15T11:21:57","date_gmt":"2015-07-15T10:21:57","guid":{"rendered":"http:\/\/silda.com\/?page_id=1161"},"modified":"2015-07-15T11:48:48","modified_gmt":"2015-07-15T10:48:48","slug":"silda-rundt","status":"publish","type":"page","link":"https:\/\/www.silda.com\/?page_id=1161","title":{"rendered":"Silda rundt"},"content":{"rendered":"<p>Stien er p\u00e5 ca 1,5 km,\u00a0 middels lett for turvande folk. Noko v\u00e5t og glatt p\u00e5 enkelt stadar. (I v\u00e5te \u00e5r vert det tilr\u00e5dd \u00e5 bruke gode\/tette skor.)<\/p>\n<p>Turen gir utsikt mot Stad og det opne havet. Her kan ein f\u00e5\u00a0 mange fine fotomotiv mot solnedgangen.<br \/>\nStien har fleire utkikspunkt med kvileplass\/benk:<br \/>\n&laquo;Ospeneshaugen&raquo; ,\u00a0 &laquo;Varden&raquo; (\u00f8ya sitt h\u00f8gst punkt), &laquo;Marter\u00e6va&raquo; og\u00a0 &laquo;Furevika&raquo;<br \/>\nP\u00e5 vestsida er der ogs\u00e5 mange\u00a0 stadar eigna for stangfiske.<\/p>\n<p>P\u00e5 &laquo;Marter\u00e6va&raquo; er det utlagt gjestebok. Ny bok vart lagt ut i 2012 og gjekk fram til juli 2015. Silda Velforening har summert aktiviteten for desse 3 \u00e5ra:<\/p>\n<p>*********************************************<br \/>\n2012 ca. 620 notert med namn&#8211; 506 i juni-juli og august.<br \/>\nAv utanlandske b\u00e5tar finn vi namn p\u00e5: tyske, svenske , canadisk, belgisk, UK, fransk og fr\u00e5 Calif. USA<\/p>\n<p>2013 ca 650 notert med namn &#8212; 360 i sommarm\u00e5nadane.<br \/>\nAv utanlandske b\u00e5tar : 4 nederlandske, 3 svenske, 2 tyske, 2 franske, 2 britiske og ein dansk<\/p>\n<p>2014 ca 630 notert med namn &#8212; 450 i sommarm\u00e5nadane.<br \/>\nAv utanlandske b\u00e5tar : 3 nederlandske, ein engelsk, belgisk, dansk.<\/p>\n","protected":false},"excerpt":{"rendered":"<p>Stien er p\u00e5 ca 1,5 km,\u00a0 middels lett for turvande folk. Noko v\u00e5t og glatt p\u00e5 enkelt stadar. (I v\u00e5te \u00e5r vert det tilr\u00e5dd \u00e5 bruke gode\/tette skor.) Turen gir utsikt mot Stad og det opne havet. Her kan ein f\u00e5\u00a0 mange fine fotomotiv mot solnedgangen. Stien har fleire utkikspunkt med kvileplass\/benk: &laquo;Ospeneshaugen&raquo; ,\u00a0 &laquo;Varden&raquo; [&hellip;]<\/p>\n","protected":false},"author":1,"featured_media":0,"parent":0,"menu_order":0,"comment_status":"closed","ping_status":"closed","template":"","meta":{"ngg_post_thumbnail":0,"footnotes":""},"class_list":["post-1161","page","type-page","status-publish","hentry"],"_links":{"self":[{"href":"https:\/\/www.silda.com\/index.php?rest_route=\/wp\/v2\/pages\/1161","targetHints":{"allow":["GET"]}}],"collection":[{"href":"https:\/\/www.silda.com\/index.php?rest_route=\/wp\/v2\/pages"}],"about":[{"href":"https:\/\/www.silda.com\/index.php?rest_route=\/wp\/v2\/types\/page"}],"author":[{"embeddable":true,"href":"https:\/\/www.silda.com\/index.php?rest_route=\/wp\/v2\/users\/1"}],"replies":[{"embeddable":true,"href":"https:\/\/www.silda.com\/index.php?rest_route=%2Fwp%2Fv2%2Fcomments&post=1161"}],"version-history":[{"count":4,"href":"https:\/\/www.silda.com\/index.php?rest_route=\/wp\/v2\/pages\/1161\/revisions"}],"predecessor-version":[{"id":1169,"href":"https:\/\/www.silda.com\/index.php?rest_route=\/wp\/v2\/pages\/1161\/revisions\/1169"}],"wp:attachment":[{"href":"https:\/\/www.silda.com\/index.php?rest_route=%2Fwp%2Fv2%2Fmedia&parent=1161"}],"curies":[{"name":"wp","href":"https:\/\/api.w.org\/{rel}","templated":true}]}}