{"id":1159,"date":"2015-07-14T22:40:50","date_gmt":"2015-07-14T21:40:50","guid":{"rendered":"http:\/\/silda.com\/?page_id=1159"},"modified":"2015-07-15T11:56:11","modified_gmt":"2015-07-15T10:56:11","slug":"sildastiane","status":"publish","type":"page","link":"https:\/\/www.silda.com\/?page_id=1159","title":{"rendered":"Turstiar p\u00e5 \u00f8ya"},"content":{"rendered":"<p>Lokalfolk har dei siste 10-\u00e5ra gjort sitt for \u00e5 halde oppe stiane p\u00e5 Silda. Etter at husdyra vart borte fr\u00e5 \u00f8ya har \u00f8ya\u00a0 grodd at av lyng, busker og kratt. Fleire stiar, som dyra heldt oppe, er no borte og det kan vere vanskeleg \u00e5 finne fram, gjennom ny skog og kneh\u00f8g lyng og eine. Skal stiane vere gode \u00e5 g\u00e5 m\u00e5 det kvart \u00e5r ryddast. Trafikken av folk er ikkje nok.<\/p>\n<p>Sj\u00e5 <span style=\"color: #0000ff;\"><a style=\"color: #0000ff;\" href=\"http:\/\/silda.com\/?page_id=1161\">&laquo;Silda rundt&raquo;<\/a><\/span>\u00a0 og\u00a0 &laquo;Jonshaugen rundt&raquo;<\/p>\n","protected":false},"excerpt":{"rendered":"<p>Lokalfolk har dei siste 10-\u00e5ra gjort sitt for \u00e5 halde oppe stiane p\u00e5 Silda. Etter at husdyra vart borte fr\u00e5 \u00f8ya har \u00f8ya\u00a0 grodd at av lyng, busker og kratt. Fleire stiar, som dyra heldt oppe, er no borte og det kan vere vanskeleg \u00e5 finne fram, gjennom ny skog og kneh\u00f8g lyng og eine. [&hellip;]<\/p>\n","protected":false},"author":1,"featured_media":0,"parent":0,"menu_order":0,"comment_status":"closed","ping_status":"closed","template":"","meta":{"ngg_post_thumbnail":0,"footnotes":""},"class_list":["post-1159","page","type-page","status-publish","hentry"],"_links":{"self":[{"href":"https:\/\/www.silda.com\/index.php?rest_route=\/wp\/v2\/pages\/1159","targetHints":{"allow":["GET"]}}],"collection":[{"href":"https:\/\/www.silda.com\/index.php?rest_route=\/wp\/v2\/pages"}],"about":[{"href":"https:\/\/www.silda.com\/index.php?rest_route=\/wp\/v2\/types\/page"}],"author":[{"embeddable":true,"href":"https:\/\/www.silda.com\/index.php?rest_route=\/wp\/v2\/users\/1"}],"replies":[{"embeddable":true,"href":"https:\/\/www.silda.com\/index.php?rest_route=%2Fwp%2Fv2%2Fcomments&post=1159"}],"version-history":[{"count":4,"href":"https:\/\/www.silda.com\/index.php?rest_route=\/wp\/v2\/pages\/1159\/revisions"}],"predecessor-version":[{"id":1172,"href":"https:\/\/www.silda.com\/index.php?rest_route=\/wp\/v2\/pages\/1159\/revisions\/1172"}],"wp:attachment":[{"href":"https:\/\/www.silda.com\/index.php?rest_route=%2Fwp%2Fv2%2Fmedia&parent=1159"}],"curies":[{"name":"wp","href":"https:\/\/api.w.org\/{rel}","templated":true}]}}