{"id":1072,"date":"2015-06-04T21:42:39","date_gmt":"2015-06-04T20:42:39","guid":{"rendered":"http:\/\/silda.com\/?page_id=1072"},"modified":"2015-07-05T21:16:00","modified_gmt":"2015-07-05T20:16:00","slug":"stadnamn-pa-silda","status":"publish","type":"page","link":"https:\/\/www.silda.com\/?page_id=1072","title":{"rendered":"Stadnamn-kart"},"content":{"rendered":"<p>Ola Holte samla i 1999 opplysning om namn p\u00e5 Silda,\u00a0 som han sette inn i nedanfor st\u00e5ande kart. <a href=\"https:\/\/www.silda.com\/wp-content\/uploads\/2015\/06\/sildanamn.pdf\" target=\"_blank\">Kartent kan du ogs\u00e5 ta ut i PDF om du vil ha det.<\/a><br \/>\nNamn som eldre meiner er feil, eller manglar p\u00e5 OH sitt kart, \u00f8nskjer eg\u00a0 \u00e5 f\u00e5 vite om\u00a0 (PaS)<\/p>\n<p><a href=\"https:\/\/www.silda.com\/wp-content\/uploads\/2015\/06\/Namn-OH-99.jpg\"><img loading=\"lazy\" decoding=\"async\" class=\"alignnone size-large wp-image-1069\" src=\"https:\/\/www.silda.com\/wp-content\/uploads\/2015\/06\/Namn-OH-99-1024x742.jpg\" alt=\"Namn OH-99\" width=\"640\" height=\"464\" srcset=\"https:\/\/www.silda.com\/wp-content\/uploads\/2015\/06\/Namn-OH-99-1024x742.jpg 1024w, https:\/\/www.silda.com\/wp-content\/uploads\/2015\/06\/Namn-OH-99-300x217.jpg 300w\" sizes=\"auto, (max-width: 640px) 100vw, 640px\" \/><\/a><\/p>\n","protected":false},"excerpt":{"rendered":"<p>Ola Holte samla i 1999 opplysning om namn p\u00e5 Silda,\u00a0 som han sette inn i nedanfor st\u00e5ande kart. Kartent kan du ogs\u00e5 ta ut i PDF om du vil ha det. Namn som eldre meiner er feil, eller manglar p\u00e5 OH sitt kart, \u00f8nskjer eg\u00a0 \u00e5 f\u00e5 vite om\u00a0 (PaS)<\/p>\n","protected":false},"author":1,"featured_media":0,"parent":8,"menu_order":3,"comment_status":"closed","ping_status":"closed","template":"","meta":{"ngg_post_thumbnail":0,"footnotes":""},"class_list":["post-1072","page","type-page","status-publish","hentry"],"_links":{"self":[{"href":"https:\/\/www.silda.com\/index.php?rest_route=\/wp\/v2\/pages\/1072","targetHints":{"allow":["GET"]}}],"collection":[{"href":"https:\/\/www.silda.com\/index.php?rest_route=\/wp\/v2\/pages"}],"about":[{"href":"https:\/\/www.silda.com\/index.php?rest_route=\/wp\/v2\/types\/page"}],"author":[{"embeddable":true,"href":"https:\/\/www.silda.com\/index.php?rest_route=\/wp\/v2\/users\/1"}],"replies":[{"embeddable":true,"href":"https:\/\/www.silda.com\/index.php?rest_route=%2Fwp%2Fv2%2Fcomments&post=1072"}],"version-history":[{"count":3,"href":"https:\/\/www.silda.com\/index.php?rest_route=\/wp\/v2\/pages\/1072\/revisions"}],"predecessor-version":[{"id":1120,"href":"https:\/\/www.silda.com\/index.php?rest_route=\/wp\/v2\/pages\/1072\/revisions\/1120"}],"up":[{"embeddable":true,"href":"https:\/\/www.silda.com\/index.php?rest_route=\/wp\/v2\/pages\/8"}],"wp:attachment":[{"href":"https:\/\/www.silda.com\/index.php?rest_route=%2Fwp%2Fv2%2Fmedia&parent=1072"}],"curies":[{"name":"wp","href":"https:\/\/api.w.org\/{rel}","templated":true}]}}